{"id":213065,"date":"2025-11-24T05:58:49","date_gmt":"2025-11-24T05:58:49","guid":{"rendered":"https:\/\/muchada-leclapart.com\/?post_type=product&#038;p=213065"},"modified":"2026-03-04T15:06:00","modified_gmt":"2026-03-04T14:06:00","slug":"premium-visit","status":"publish","type":"product","link":"https:\/\/muchada-leclapart.com\/en\/product\/premium-visit\/","title":{"rendered":"Premium Visit"},"content":{"rendered":"","protected":false},"excerpt":{"rendered":"<p><span style=\"font-weight: 400;\">It has also been designed as a<\/span><b> special experience with premium visits<\/b><span style=\"font-weight: 400;\">,<\/span><span style=\"font-weight: 400;\"> where the <\/span><span style=\"font-weight: 400;\">tour of the Miraflores estate and a visit to our unique vineyard<\/span> <span style=\"font-weight: 400;\">for<\/span> <span style=\"font-weight: 400;\">get to know in first person\u00a0 <\/span><span style=\"font-weight: 400;\">OUR VINES<\/span><span style=\"font-weight: 400;\"> old Palomino trees, the soils of albariza and <\/span><span style=\"font-weight: 400;\">on<\/span><span style=\"font-weight: 400;\"> world of biodynamic agriculture. The Premium visit includes<\/span> <span style=\"font-weight: 400;\">a tour of<\/span> <span style=\"font-weight: 400;\">the winery where <\/span><span style=\"font-weight: 400;\">The artisan work of winemaking and a tasting of 4 wines from different plots of land are shown.<\/span><span style=\"font-weight: 400;\">\u00a0<\/span><\/p>\n<p><span style=\"font-weight: 400;\">The price of the visit is <\/span><b>75 euros per person<\/b><span style=\"font-weight: 400;\"> and the approximate duration is 150 minutes. The minimum number of people required for the visit is two.<\/span><\/p>","protected":false},"featured_media":213591,"template":"","meta":{"_uag_custom_page_level_css":"","site-sidebar-layout":"default","site-content-layout":"","ast-site-content-layout":"default","site-content-style":"default","site-sidebar-style":"default","ast-global-header-display":"","ast-banner-title-visibility":"","ast-main-header-display":"","ast-hfb-above-header-display":"","ast-hfb-below-header-display":"","ast-hfb-mobile-header-display":"","site-post-title":"","ast-breadcrumbs-content":"","ast-featured-img":"","footer-sml-layout":"","ast-disable-related-posts":"","theme-transparent-header-meta":"default","adv-header-id-meta":"","stick-header-meta":"default","header-above-stick-meta":"","header-main-stick-meta":"","header-below-stick-meta":"","astra-migrate-meta-layouts":"set","ast-page-background-enabled":"default","ast-page-background-meta":{"desktop":{"background-color":"var(--ast-global-color-5)","background-image":"","background-repeat":"repeat","background-position":"center center","background-size":"auto","background-attachment":"scroll","background-type":"","background-media":"","overlay-type":"","overlay-color":"","overlay-opacity":"","overlay-gradient":""},"tablet":{"background-color":"","background-image":"","background-repeat":"repeat","background-position":"center center","background-size":"auto","background-attachment":"scroll","background-type":"","background-media":"","overlay-type":"","overlay-color":"","overlay-opacity":"","overlay-gradient":""},"mobile":{"background-color":"","background-image":"","background-repeat":"repeat","background-position":"center center","background-size":"auto","background-attachment":"scroll","background-type":"","background-media":"","overlay-type":"","overlay-color":"","overlay-opacity":"","overlay-gradient":""}},"ast-content-background-meta":{"desktop":{"background-color":"var(--ast-global-color-4)","background-image":"","background-repeat":"repeat","background-position":"center center","background-size":"auto","background-attachment":"scroll","background-type":"","background-media":"","overlay-type":"","overlay-color":"","overlay-opacity":"","overlay-gradient":""},"tablet":{"background-color":"var(--ast-global-color-4)","background-image":"","background-repeat":"repeat","background-position":"center center","background-size":"auto","background-attachment":"scroll","background-type":"","background-media":"","overlay-type":"","overlay-color":"","overlay-opacity":"","overlay-gradient":""},"mobile":{"background-color":"var(--ast-global-color-4)","background-image":"","background-repeat":"repeat","background-position":"center center","background-size":"auto","background-attachment":"scroll","background-type":"","background-media":"","overlay-type":"","overlay-color":"","overlay-opacity":"","overlay-gradient":""}}},"product_brand":[],"product_cat":[29],"product_tag":[],"class_list":{"0":"post-213065","1":"product","2":"type-product","3":"status-publish","4":"has-post-thumbnail","6":"product_cat-visitas","7":"desktop-align-left","8":"tablet-align-left","9":"mobile-align-left","10":"ast-product-gallery-layout-horizontal-slider","11":"ast-product-gallery-with-no-image","12":"ast-product-tabs-layout-horizontal","14":"first","15":"instock","16":"virtual","17":"sold-individually","18":"purchasable","19":"product-type-booking"},"yoast_head":"<!-- This site is optimized with the Yoast SEO plugin v27.4 - https:\/\/yoast.com\/product\/yoast-seo-wordpress\/ -->\n<title>Visita Premium - Muchada-L\u00e9clapart<\/title>\n<meta name=\"robots\" content=\"index, follow, max-snippet:-1, max-image-preview:large, max-video-preview:-1\" \/>\n<link rel=\"canonical\" href=\"https:\/\/muchada-leclapart.com\/en\/product\/premium-visit\/\" \/>\n<meta property=\"og:locale\" content=\"en_GB\" \/>\n<meta property=\"og:type\" content=\"article\" \/>\n<meta property=\"og:title\" content=\"Visita Premium - Muchada-L\u00e9clapart\" \/>\n<meta property=\"og:description\" content=\"Se ha dise\u00f1ado tambi\u00e9n una experiencia especial con visitas premium, donde se recorre el pago Miraflores y se visita nuestro vi\u00f1edo \u00fanico para conocer en primera persona\u00a0 nuestras vides viejas de Palomino, los suelos de albariza y el mundo de la agricultura biodin\u00e1mica. La visita Premium incluye un recorrido por la bodega donde se muestra el trabajo artesanal de elaboraci\u00f3n de vinos y una degustaci\u00f3n de 4 vinos de diferentes parcelas.\u00a0  El precio de la visita es de 75 euros por persona y la duraci\u00f3n aproximada es de 150 minutos. El m\u00ednimo para realizar la visita son dos personas.\" \/>\n<meta property=\"og:url\" content=\"https:\/\/muchada-leclapart.com\/en\/product\/premium-visit\/\" \/>\n<meta property=\"og:site_name\" content=\"Muchada-L\u00e9clapart\" \/>\n<meta property=\"article:modified_time\" content=\"2026-03-04T14:06:00+00:00\" \/>\n<meta property=\"og:image\" content=\"https:\/\/muchada-leclapart.com\/wp-content\/uploads\/Braga-Tour-Dia-3-Muchada-Leclepart-64-1.webp\" \/>\n\t<meta property=\"og:image:width\" content=\"1351\" \/>\n\t<meta property=\"og:image:height\" content=\"2024\" \/>\n\t<meta property=\"og:image:type\" content=\"image\/webp\" \/>\n<meta name=\"twitter:card\" content=\"summary_large_image\" \/>\n<meta name=\"twitter:label1\" content=\"Estimated reading time\" \/>\n\t<meta name=\"twitter:data1\" content=\"1 minute\" \/>\n<script type=\"application\/ld+json\" class=\"yoast-schema-graph\">{\"@context\":\"https:\\\/\\\/schema.org\",\"@graph\":[{\"@type\":\"WebPage\",\"@id\":\"https:\\\/\\\/muchada-leclapart.com\\\/producto\\\/visita-premium\\\/\",\"url\":\"https:\\\/\\\/muchada-leclapart.com\\\/producto\\\/visita-premium\\\/\",\"name\":\"Visita Premium - Muchada-L\u00e9clapart\",\"isPartOf\":{\"@id\":\"https:\\\/\\\/muchada-leclapart.com\\\/#website\"},\"primaryImageOfPage\":{\"@id\":\"https:\\\/\\\/muchada-leclapart.com\\\/producto\\\/visita-premium\\\/#primaryimage\"},\"image\":{\"@id\":\"https:\\\/\\\/muchada-leclapart.com\\\/producto\\\/visita-premium\\\/#primaryimage\"},\"thumbnailUrl\":\"https:\\\/\\\/muchada-leclapart.com\\\/wp-content\\\/uploads\\\/Braga-Tour-Dia-3-Muchada-Leclepart-64-1.webp\",\"datePublished\":\"2025-11-24T05:58:49+00:00\",\"dateModified\":\"2026-03-04T14:06:00+00:00\",\"breadcrumb\":{\"@id\":\"https:\\\/\\\/muchada-leclapart.com\\\/producto\\\/visita-premium\\\/#breadcrumb\"},\"inLanguage\":\"en-GB\",\"potentialAction\":[{\"@type\":\"ReadAction\",\"target\":[\"https:\\\/\\\/muchada-leclapart.com\\\/producto\\\/visita-premium\\\/\"]}]},{\"@type\":\"ImageObject\",\"inLanguage\":\"en-GB\",\"@id\":\"https:\\\/\\\/muchada-leclapart.com\\\/producto\\\/visita-premium\\\/#primaryimage\",\"url\":\"https:\\\/\\\/muchada-leclapart.com\\\/wp-content\\\/uploads\\\/Braga-Tour-Dia-3-Muchada-Leclepart-64-1.webp\",\"contentUrl\":\"https:\\\/\\\/muchada-leclapart.com\\\/wp-content\\\/uploads\\\/Braga-Tour-Dia-3-Muchada-Leclepart-64-1.webp\",\"width\":1351,\"height\":2024},{\"@type\":\"BreadcrumbList\",\"@id\":\"https:\\\/\\\/muchada-leclapart.com\\\/producto\\\/visita-premium\\\/#breadcrumb\",\"itemListElement\":[{\"@type\":\"ListItem\",\"position\":1,\"name\":\"Portada\",\"item\":\"https:\\\/\\\/muchada-leclapart.com\\\/\"},{\"@type\":\"ListItem\",\"position\":2,\"name\":\"Bodega\",\"item\":\"https:\\\/\\\/muchada-leclapart.com\\\/bodega\\\/\"},{\"@type\":\"ListItem\",\"position\":3,\"name\":\"Visita Premium\"}]},{\"@type\":\"WebSite\",\"@id\":\"https:\\\/\\\/muchada-leclapart.com\\\/#website\",\"url\":\"https:\\\/\\\/muchada-leclapart.com\\\/\",\"name\":\"Muchada-L\u00e9clapart\",\"description\":\"Salud Amigos!\",\"publisher\":{\"@id\":\"https:\\\/\\\/muchada-leclapart.com\\\/#organization\"},\"potentialAction\":[{\"@type\":\"SearchAction\",\"target\":{\"@type\":\"EntryPoint\",\"urlTemplate\":\"https:\\\/\\\/muchada-leclapart.com\\\/?s={search_term_string}\"},\"query-input\":{\"@type\":\"PropertyValueSpecification\",\"valueRequired\":true,\"valueName\":\"search_term_string\"}}],\"inLanguage\":\"en-GB\"},{\"@type\":\"Organization\",\"@id\":\"https:\\\/\\\/muchada-leclapart.com\\\/#organization\",\"name\":\"Muchada-L\u00e9clapart\",\"url\":\"https:\\\/\\\/muchada-leclapart.com\\\/\",\"logo\":{\"@type\":\"ImageObject\",\"inLanguage\":\"en-GB\",\"@id\":\"https:\\\/\\\/muchada-leclapart.com\\\/#\\\/schema\\\/logo\\\/image\\\/\",\"url\":\"https:\\\/\\\/muchada-leclapart.com\\\/wp-content\\\/uploads\\\/muchada-leclapart_logo_menu-blanco.svg\",\"contentUrl\":\"https:\\\/\\\/muchada-leclapart.com\\\/wp-content\\\/uploads\\\/muchada-leclapart_logo_menu-blanco.svg\",\"caption\":\"Muchada-L\u00e9clapart\"},\"image\":{\"@id\":\"https:\\\/\\\/muchada-leclapart.com\\\/#\\\/schema\\\/logo\\\/image\\\/\"}}]}<\/script>\n<!-- \/ Yoast SEO plugin. -->","yoast_head_json":{"title":"Premium Visit - Muchada-L\u00e9clapart","robots":{"index":"index","follow":"follow","max-snippet":"max-snippet:-1","max-image-preview":"max-image-preview:large","max-video-preview":"max-video-preview:-1"},"canonical":"https:\/\/muchada-leclapart.com\/en\/product\/premium-visit\/","og_locale":"en_GB","og_type":"article","og_title":"Visita Premium - Muchada-L\u00e9clapart","og_description":"Se ha dise\u00f1ado tambi\u00e9n una experiencia especial con visitas premium, donde se recorre el pago Miraflores y se visita nuestro vi\u00f1edo \u00fanico para conocer en primera persona\u00a0 nuestras vides viejas de Palomino, los suelos de albariza y el mundo de la agricultura biodin\u00e1mica. La visita Premium incluye un recorrido por la bodega donde se muestra el trabajo artesanal de elaboraci\u00f3n de vinos y una degustaci\u00f3n de 4 vinos de diferentes parcelas.\u00a0  El precio de la visita es de 75 euros por persona y la duraci\u00f3n aproximada es de 150 minutos. El m\u00ednimo para realizar la visita son dos personas.","og_url":"https:\/\/muchada-leclapart.com\/en\/product\/premium-visit\/","og_site_name":"Muchada-L\u00e9clapart","article_modified_time":"2026-03-04T14:06:00+00:00","og_image":[{"width":1351,"height":2024,"url":"https:\/\/muchada-leclapart.com\/wp-content\/uploads\/Braga-Tour-Dia-3-Muchada-Leclepart-64-1.webp","type":"image\/webp"}],"twitter_card":"summary_large_image","twitter_misc":{"Estimated reading time":"1 minute"},"schema":{"@context":"https:\/\/schema.org","@graph":[{"@type":"WebPage","@id":"https:\/\/muchada-leclapart.com\/producto\/visita-premium\/","url":"https:\/\/muchada-leclapart.com\/producto\/visita-premium\/","name":"Premium Visit - Muchada-L\u00e9clapart","isPartOf":{"@id":"https:\/\/muchada-leclapart.com\/#website"},"primaryImageOfPage":{"@id":"https:\/\/muchada-leclapart.com\/producto\/visita-premium\/#primaryimage"},"image":{"@id":"https:\/\/muchada-leclapart.com\/producto\/visita-premium\/#primaryimage"},"thumbnailUrl":"https:\/\/muchada-leclapart.com\/wp-content\/uploads\/Braga-Tour-Dia-3-Muchada-Leclepart-64-1.webp","datePublished":"2025-11-24T05:58:49+00:00","dateModified":"2026-03-04T14:06:00+00:00","breadcrumb":{"@id":"https:\/\/muchada-leclapart.com\/producto\/visita-premium\/#breadcrumb"},"inLanguage":"en-GB","potentialAction":[{"@type":"ReadAction","target":["https:\/\/muchada-leclapart.com\/producto\/visita-premium\/"]}]},{"@type":"ImageObject","inLanguage":"en-GB","@id":"https:\/\/muchada-leclapart.com\/producto\/visita-premium\/#primaryimage","url":"https:\/\/muchada-leclapart.com\/wp-content\/uploads\/Braga-Tour-Dia-3-Muchada-Leclepart-64-1.webp","contentUrl":"https:\/\/muchada-leclapart.com\/wp-content\/uploads\/Braga-Tour-Dia-3-Muchada-Leclepart-64-1.webp","width":1351,"height":2024},{"@type":"BreadcrumbList","@id":"https:\/\/muchada-leclapart.com\/producto\/visita-premium\/#breadcrumb","itemListElement":[{"@type":"ListItem","position":1,"name":"Portada","item":"https:\/\/muchada-leclapart.com\/"},{"@type":"ListItem","position":2,"name":"Bodega","item":"https:\/\/muchada-leclapart.com\/bodega\/"},{"@type":"ListItem","position":3,"name":"Visita Premium"}]},{"@type":"WebSite","@id":"https:\/\/muchada-leclapart.com\/#website","url":"https:\/\/muchada-leclapart.com\/","name":"Muchada-L\u00e9clapart","description":"Cheers Friends!","publisher":{"@id":"https:\/\/muchada-leclapart.com\/#organization"},"potentialAction":[{"@type":"SearchAction","target":{"@type":"EntryPoint","urlTemplate":"https:\/\/muchada-leclapart.com\/?s={search_term_string}"},"query-input":{"@type":"PropertyValueSpecification","valueRequired":true,"valueName":"search_term_string"}}],"inLanguage":"en-GB"},{"@type":"Organization","@id":"https:\/\/muchada-leclapart.com\/#organization","name":"Muchada-L\u00e9clapart","url":"https:\/\/muchada-leclapart.com\/","logo":{"@type":"ImageObject","inLanguage":"en-GB","@id":"https:\/\/muchada-leclapart.com\/#\/schema\/logo\/image\/","url":"https:\/\/muchada-leclapart.com\/wp-content\/uploads\/muchada-leclapart_logo_menu-blanco.svg","contentUrl":"https:\/\/muchada-leclapart.com\/wp-content\/uploads\/muchada-leclapart_logo_menu-blanco.svg","caption":"Muchada-L\u00e9clapart"},"image":{"@id":"https:\/\/muchada-leclapart.com\/#\/schema\/logo\/image\/"}}]}},"uagb_featured_image_src":{"full":["https:\/\/muchada-leclapart.com\/wp-content\/uploads\/Braga-Tour-Dia-3-Muchada-Leclepart-64-1.webp",1351,2024,false],"thumbnail":["https:\/\/muchada-leclapart.com\/wp-content\/uploads\/Braga-Tour-Dia-3-Muchada-Leclepart-64-1-150x150.webp",150,150,true],"medium":["https:\/\/muchada-leclapart.com\/wp-content\/uploads\/Braga-Tour-Dia-3-Muchada-Leclepart-64-1-200x300.webp",200,300,true],"medium_large":["https:\/\/muchada-leclapart.com\/wp-content\/uploads\/Braga-Tour-Dia-3-Muchada-Leclepart-64-1-768x1151.webp",768,1151,true],"large":["https:\/\/muchada-leclapart.com\/wp-content\/uploads\/Braga-Tour-Dia-3-Muchada-Leclepart-64-1-684x1024.webp",684,1024,true],"1536x1536":["https:\/\/muchada-leclapart.com\/wp-content\/uploads\/Braga-Tour-Dia-3-Muchada-Leclepart-64-1-1025x1536.webp",1025,1536,true],"2048x2048":["https:\/\/muchada-leclapart.com\/wp-content\/uploads\/Braga-Tour-Dia-3-Muchada-Leclepart-64-1.webp",1351,2024,false],"trp-custom-language-flag":["https:\/\/muchada-leclapart.com\/wp-content\/uploads\/Braga-Tour-Dia-3-Muchada-Leclepart-64-1-8x12.webp",8,12,true],"woocommerce_thumbnail":["https:\/\/muchada-leclapart.com\/wp-content\/uploads\/Braga-Tour-Dia-3-Muchada-Leclepart-64-1-800x800.webp",800,800,true],"woocommerce_single":["https:\/\/muchada-leclapart.com\/wp-content\/uploads\/Braga-Tour-Dia-3-Muchada-Leclepart-64-1-800x1199.webp",800,1199,true],"woocommerce_gallery_thumbnail":["https:\/\/muchada-leclapart.com\/wp-content\/uploads\/Braga-Tour-Dia-3-Muchada-Leclepart-64-1-100x100.webp",100,100,true]},"uagb_author_info":{"display_name":"Francisco Jos\u00e9 GONZ\u00c1LEZ PAV\u00d3N","author_link":"https:\/\/muchada-leclapart.com\/en\/author\/"},"uagb_comment_info":0,"uagb_excerpt":"Se ha dise\u00f1ado tambi\u00e9n una experiencia especial con visitas premium, donde se recorre el pago Miraflores y se visita nuestro vi\u00f1edo \u00fanico para conocer en primera persona\u00a0 nuestras vides viejas de Palomino, los suelos de albariza y el mundo de la agricultura biodin\u00e1mica. La visita Premium incluye un recorrido por la bodega donde se muestra&hellip;","_links":{"self":[{"href":"https:\/\/muchada-leclapart.com\/en\/wp-json\/wp\/v2\/product\/213065","targetHints":{"allow":["GET"]}}],"collection":[{"href":"https:\/\/muchada-leclapart.com\/en\/wp-json\/wp\/v2\/product"}],"about":[{"href":"https:\/\/muchada-leclapart.com\/en\/wp-json\/wp\/v2\/types\/product"}],"wp:featuredmedia":[{"embeddable":true,"href":"https:\/\/muchada-leclapart.com\/en\/wp-json\/wp\/v2\/media\/213591"}],"wp:attachment":[{"href":"https:\/\/muchada-leclapart.com\/en\/wp-json\/wp\/v2\/media?parent=213065"}],"wp:term":[{"taxonomy":"product_brand","embeddable":true,"href":"https:\/\/muchada-leclapart.com\/en\/wp-json\/wp\/v2\/product_brand?post=213065"},{"taxonomy":"product_cat","embeddable":true,"href":"https:\/\/muchada-leclapart.com\/en\/wp-json\/wp\/v2\/product_cat?post=213065"},{"taxonomy":"product_tag","embeddable":true,"href":"https:\/\/muchada-leclapart.com\/en\/wp-json\/wp\/v2\/product_tag?post=213065"}],"curies":[{"name":"wp","href":"https:\/\/api.w.org\/{rel}","templated":true}]}}