{"id":213060,"date":"2025-11-24T05:45:33","date_gmt":"2025-11-24T05:45:33","guid":{"rendered":"https:\/\/muchada-leclapart.com\/?post_type=product&#038;p=213060"},"modified":"2026-03-04T15:07:34","modified_gmt":"2026-03-04T14:07:34","slug":"normal-visit","status":"publish","type":"product","link":"https:\/\/muchada-leclapart.com\/en\/product\/normal-visit\/","title":{"rendered":"Winery visit for 4 people"},"content":{"rendered":"","protected":false},"excerpt":{"rendered":"<p>We offer private visits for small groups of 4 to 10 people, where we explain the entire production process, from the work in the vineyard to the production of the wines. We will show you the world of biodynamic agriculture in albariza soils and old palomino vines, the subtle details of the French school and the friendliness of minimal intervention wines.<\/p>\n<p>The price of the visit is 25 euros\/person and includes the visit, which lasts approximately 90 minutes, and a tasting of 3 wines.<\/p>\n<p>If you would like to know first-hand about one of the most unique projects in the area, you can write to us and ask for more information at <a href=\"mailto:info@muchada-leclapart.com\">info@muchada-leclapart.com<\/a> .<\/p>","protected":false},"featured_media":213470,"template":"","meta":{"_uag_custom_page_level_css":"","site-sidebar-layout":"default","site-content-layout":"","ast-site-content-layout":"default","site-content-style":"default","site-sidebar-style":"default","ast-global-header-display":"","ast-banner-title-visibility":"","ast-main-header-display":"","ast-hfb-above-header-display":"","ast-hfb-below-header-display":"","ast-hfb-mobile-header-display":"","site-post-title":"","ast-breadcrumbs-content":"","ast-featured-img":"","footer-sml-layout":"","ast-disable-related-posts":"","theme-transparent-header-meta":"default","adv-header-id-meta":"","stick-header-meta":"default","header-above-stick-meta":"","header-main-stick-meta":"","header-below-stick-meta":"","astra-migrate-meta-layouts":"set","ast-page-background-enabled":"default","ast-page-background-meta":{"desktop":{"background-color":"var(--ast-global-color-5)","background-image":"","background-repeat":"repeat","background-position":"center center","background-size":"auto","background-attachment":"scroll","background-type":"","background-media":"","overlay-type":"","overlay-color":"","overlay-opacity":"","overlay-gradient":""},"tablet":{"background-color":"","background-image":"","background-repeat":"repeat","background-position":"center center","background-size":"auto","background-attachment":"scroll","background-type":"","background-media":"","overlay-type":"","overlay-color":"","overlay-opacity":"","overlay-gradient":""},"mobile":{"background-color":"","background-image":"","background-repeat":"repeat","background-position":"center center","background-size":"auto","background-attachment":"scroll","background-type":"","background-media":"","overlay-type":"","overlay-color":"","overlay-opacity":"","overlay-gradient":""}},"ast-content-background-meta":{"desktop":{"background-color":"var(--ast-global-color-4)","background-image":"","background-repeat":"repeat","background-position":"center center","background-size":"auto","background-attachment":"scroll","background-type":"","background-media":"","overlay-type":"","overlay-color":"","overlay-opacity":"","overlay-gradient":""},"tablet":{"background-color":"var(--ast-global-color-4)","background-image":"","background-repeat":"repeat","background-position":"center center","background-size":"auto","background-attachment":"scroll","background-type":"","background-media":"","overlay-type":"","overlay-color":"","overlay-opacity":"","overlay-gradient":""},"mobile":{"background-color":"var(--ast-global-color-4)","background-image":"","background-repeat":"repeat","background-position":"center center","background-size":"auto","background-attachment":"scroll","background-type":"","background-media":"","overlay-type":"","overlay-color":"","overlay-opacity":"","overlay-gradient":""}}},"product_brand":[],"product_cat":[29],"product_tag":[],"class_list":{"0":"post-213060","1":"product","2":"type-product","3":"status-publish","4":"has-post-thumbnail","6":"product_cat-visitas","7":"desktop-align-left","8":"tablet-align-left","9":"mobile-align-left","10":"ast-product-gallery-layout-horizontal-slider","11":"ast-product-gallery-with-no-image","12":"ast-product-tabs-layout-horizontal","14":"first","15":"instock","16":"virtual","17":"sold-individually","18":"purchasable","19":"product-type-booking"},"yoast_head":"<!-- This site is optimized with the Yoast SEO plugin v27.4 - https:\/\/yoast.com\/product\/yoast-seo-wordpress\/ -->\n<title>Visita bodega 4 personas - Muchada-L\u00e9clapart<\/title>\n<meta name=\"robots\" content=\"index, follow, max-snippet:-1, max-image-preview:large, max-video-preview:-1\" \/>\n<link rel=\"canonical\" href=\"https:\/\/muchada-leclapart.com\/en\/product\/normal-visit\/\" \/>\n<meta property=\"og:locale\" content=\"en_GB\" \/>\n<meta property=\"og:type\" content=\"article\" \/>\n<meta property=\"og:title\" content=\"Visita bodega 4 personas - Muchada-L\u00e9clapart\" \/>\n<meta property=\"og:description\" content=\"Realizamos visitas privadas para grupos reducidos de 4 a 10 personas, donde explicamos todo el proceso de producci\u00f3n, desde el trabajo de la vi\u00f1a a la elaboraci\u00f3n de los vinos. Te acercaremos el mundo de la agricultura biodin\u00e1mica en suelos de albariza y vi\u00f1as viejas de palomino, los sutiles detalles de la escuela francesa y la amabilidad de los vinos de m\u00ednima intervenci\u00f3n.  El precio de la visita es de 25 euros\/persona e incluye la visita, de una duraci\u00f3n aproximada de 90 minutos y una cata de 3 vinos.  Si quieres conocer de primera mano uno de los proyectos m\u00e1s singulares de la zona, puedes escribirnos y solicitar m\u00e1s informaci\u00f3n a info@muchada-leclapart.com .\" \/>\n<meta property=\"og:url\" content=\"https:\/\/muchada-leclapart.com\/en\/product\/normal-visit\/\" \/>\n<meta property=\"og:site_name\" content=\"Muchada-L\u00e9clapart\" \/>\n<meta property=\"article:modified_time\" content=\"2026-03-04T14:07:34+00:00\" \/>\n<meta property=\"og:image\" content=\"https:\/\/muchada-leclapart.com\/wp-content\/uploads\/Braga-Tour-Dia-3-Muchada-Leclepart-205-1.webp\" \/>\n\t<meta property=\"og:image:width\" content=\"1024\" \/>\n\t<meta property=\"og:image:height\" content=\"1534\" \/>\n\t<meta property=\"og:image:type\" content=\"image\/webp\" \/>\n<meta name=\"twitter:card\" content=\"summary_large_image\" \/>\n<meta name=\"twitter:label1\" content=\"Estimated reading time\" \/>\n\t<meta name=\"twitter:data1\" content=\"1 minute\" \/>\n<script type=\"application\/ld+json\" class=\"yoast-schema-graph\">{\"@context\":\"https:\\\/\\\/schema.org\",\"@graph\":[{\"@type\":\"WebPage\",\"@id\":\"https:\\\/\\\/muchada-leclapart.com\\\/producto\\\/visita-normal\\\/\",\"url\":\"https:\\\/\\\/muchada-leclapart.com\\\/producto\\\/visita-normal\\\/\",\"name\":\"Visita bodega 4 personas - Muchada-L\u00e9clapart\",\"isPartOf\":{\"@id\":\"https:\\\/\\\/muchada-leclapart.com\\\/#website\"},\"primaryImageOfPage\":{\"@id\":\"https:\\\/\\\/muchada-leclapart.com\\\/producto\\\/visita-normal\\\/#primaryimage\"},\"image\":{\"@id\":\"https:\\\/\\\/muchada-leclapart.com\\\/producto\\\/visita-normal\\\/#primaryimage\"},\"thumbnailUrl\":\"https:\\\/\\\/muchada-leclapart.com\\\/wp-content\\\/uploads\\\/Braga-Tour-Dia-3-Muchada-Leclepart-205-1.webp\",\"datePublished\":\"2025-11-24T05:45:33+00:00\",\"dateModified\":\"2026-03-04T14:07:34+00:00\",\"breadcrumb\":{\"@id\":\"https:\\\/\\\/muchada-leclapart.com\\\/producto\\\/visita-normal\\\/#breadcrumb\"},\"inLanguage\":\"en-GB\",\"potentialAction\":[{\"@type\":\"ReadAction\",\"target\":[\"https:\\\/\\\/muchada-leclapart.com\\\/producto\\\/visita-normal\\\/\"]}]},{\"@type\":\"ImageObject\",\"inLanguage\":\"en-GB\",\"@id\":\"https:\\\/\\\/muchada-leclapart.com\\\/producto\\\/visita-normal\\\/#primaryimage\",\"url\":\"https:\\\/\\\/muchada-leclapart.com\\\/wp-content\\\/uploads\\\/Braga-Tour-Dia-3-Muchada-Leclepart-205-1.webp\",\"contentUrl\":\"https:\\\/\\\/muchada-leclapart.com\\\/wp-content\\\/uploads\\\/Braga-Tour-Dia-3-Muchada-Leclepart-205-1.webp\",\"width\":1024,\"height\":1534},{\"@type\":\"BreadcrumbList\",\"@id\":\"https:\\\/\\\/muchada-leclapart.com\\\/producto\\\/visita-normal\\\/#breadcrumb\",\"itemListElement\":[{\"@type\":\"ListItem\",\"position\":1,\"name\":\"Portada\",\"item\":\"https:\\\/\\\/muchada-leclapart.com\\\/\"},{\"@type\":\"ListItem\",\"position\":2,\"name\":\"Bodega\",\"item\":\"https:\\\/\\\/muchada-leclapart.com\\\/bodega\\\/\"},{\"@type\":\"ListItem\",\"position\":3,\"name\":\"Visita bodega 4 personas\"}]},{\"@type\":\"WebSite\",\"@id\":\"https:\\\/\\\/muchada-leclapart.com\\\/#website\",\"url\":\"https:\\\/\\\/muchada-leclapart.com\\\/\",\"name\":\"Muchada-L\u00e9clapart\",\"description\":\"Salud Amigos!\",\"publisher\":{\"@id\":\"https:\\\/\\\/muchada-leclapart.com\\\/#organization\"},\"potentialAction\":[{\"@type\":\"SearchAction\",\"target\":{\"@type\":\"EntryPoint\",\"urlTemplate\":\"https:\\\/\\\/muchada-leclapart.com\\\/?s={search_term_string}\"},\"query-input\":{\"@type\":\"PropertyValueSpecification\",\"valueRequired\":true,\"valueName\":\"search_term_string\"}}],\"inLanguage\":\"en-GB\"},{\"@type\":\"Organization\",\"@id\":\"https:\\\/\\\/muchada-leclapart.com\\\/#organization\",\"name\":\"Muchada-L\u00e9clapart\",\"url\":\"https:\\\/\\\/muchada-leclapart.com\\\/\",\"logo\":{\"@type\":\"ImageObject\",\"inLanguage\":\"en-GB\",\"@id\":\"https:\\\/\\\/muchada-leclapart.com\\\/#\\\/schema\\\/logo\\\/image\\\/\",\"url\":\"https:\\\/\\\/muchada-leclapart.com\\\/wp-content\\\/uploads\\\/muchada-leclapart_logo_menu-blanco.svg\",\"contentUrl\":\"https:\\\/\\\/muchada-leclapart.com\\\/wp-content\\\/uploads\\\/muchada-leclapart_logo_menu-blanco.svg\",\"caption\":\"Muchada-L\u00e9clapart\"},\"image\":{\"@id\":\"https:\\\/\\\/muchada-leclapart.com\\\/#\\\/schema\\\/logo\\\/image\\\/\"}}]}<\/script>\n<!-- \/ Yoast SEO plugin. -->","yoast_head_json":{"title":"Winery visit 4 people - Muchada-L\u00e9clapart","robots":{"index":"index","follow":"follow","max-snippet":"max-snippet:-1","max-image-preview":"max-image-preview:large","max-video-preview":"max-video-preview:-1"},"canonical":"https:\/\/muchada-leclapart.com\/en\/product\/normal-visit\/","og_locale":"en_GB","og_type":"article","og_title":"Visita bodega 4 personas - Muchada-L\u00e9clapart","og_description":"Realizamos visitas privadas para grupos reducidos de 4 a 10 personas, donde explicamos todo el proceso de producci\u00f3n, desde el trabajo de la vi\u00f1a a la elaboraci\u00f3n de los vinos. Te acercaremos el mundo de la agricultura biodin\u00e1mica en suelos de albariza y vi\u00f1as viejas de palomino, los sutiles detalles de la escuela francesa y la amabilidad de los vinos de m\u00ednima intervenci\u00f3n.  El precio de la visita es de 25 euros\/persona e incluye la visita, de una duraci\u00f3n aproximada de 90 minutos y una cata de 3 vinos.  Si quieres conocer de primera mano uno de los proyectos m\u00e1s singulares de la zona, puedes escribirnos y solicitar m\u00e1s informaci\u00f3n a info@muchada-leclapart.com .","og_url":"https:\/\/muchada-leclapart.com\/en\/product\/normal-visit\/","og_site_name":"Muchada-L\u00e9clapart","article_modified_time":"2026-03-04T14:07:34+00:00","og_image":[{"width":1024,"height":1534,"url":"https:\/\/muchada-leclapart.com\/wp-content\/uploads\/Braga-Tour-Dia-3-Muchada-Leclepart-205-1.webp","type":"image\/webp"}],"twitter_card":"summary_large_image","twitter_misc":{"Estimated reading time":"1 minute"},"schema":{"@context":"https:\/\/schema.org","@graph":[{"@type":"WebPage","@id":"https:\/\/muchada-leclapart.com\/producto\/visita-normal\/","url":"https:\/\/muchada-leclapart.com\/producto\/visita-normal\/","name":"Winery visit 4 people - Muchada-L\u00e9clapart","isPartOf":{"@id":"https:\/\/muchada-leclapart.com\/#website"},"primaryImageOfPage":{"@id":"https:\/\/muchada-leclapart.com\/producto\/visita-normal\/#primaryimage"},"image":{"@id":"https:\/\/muchada-leclapart.com\/producto\/visita-normal\/#primaryimage"},"thumbnailUrl":"https:\/\/muchada-leclapart.com\/wp-content\/uploads\/Braga-Tour-Dia-3-Muchada-Leclepart-205-1.webp","datePublished":"2025-11-24T05:45:33+00:00","dateModified":"2026-03-04T14:07:34+00:00","breadcrumb":{"@id":"https:\/\/muchada-leclapart.com\/producto\/visita-normal\/#breadcrumb"},"inLanguage":"en-GB","potentialAction":[{"@type":"ReadAction","target":["https:\/\/muchada-leclapart.com\/producto\/visita-normal\/"]}]},{"@type":"ImageObject","inLanguage":"en-GB","@id":"https:\/\/muchada-leclapart.com\/producto\/visita-normal\/#primaryimage","url":"https:\/\/muchada-leclapart.com\/wp-content\/uploads\/Braga-Tour-Dia-3-Muchada-Leclepart-205-1.webp","contentUrl":"https:\/\/muchada-leclapart.com\/wp-content\/uploads\/Braga-Tour-Dia-3-Muchada-Leclepart-205-1.webp","width":1024,"height":1534},{"@type":"BreadcrumbList","@id":"https:\/\/muchada-leclapart.com\/producto\/visita-normal\/#breadcrumb","itemListElement":[{"@type":"ListItem","position":1,"name":"Portada","item":"https:\/\/muchada-leclapart.com\/"},{"@type":"ListItem","position":2,"name":"Bodega","item":"https:\/\/muchada-leclapart.com\/bodega\/"},{"@type":"ListItem","position":3,"name":"Visita bodega 4 personas"}]},{"@type":"WebSite","@id":"https:\/\/muchada-leclapart.com\/#website","url":"https:\/\/muchada-leclapart.com\/","name":"Muchada-L\u00e9clapart","description":"Cheers Friends!","publisher":{"@id":"https:\/\/muchada-leclapart.com\/#organization"},"potentialAction":[{"@type":"SearchAction","target":{"@type":"EntryPoint","urlTemplate":"https:\/\/muchada-leclapart.com\/?s={search_term_string}"},"query-input":{"@type":"PropertyValueSpecification","valueRequired":true,"valueName":"search_term_string"}}],"inLanguage":"en-GB"},{"@type":"Organization","@id":"https:\/\/muchada-leclapart.com\/#organization","name":"Muchada-L\u00e9clapart","url":"https:\/\/muchada-leclapart.com\/","logo":{"@type":"ImageObject","inLanguage":"en-GB","@id":"https:\/\/muchada-leclapart.com\/#\/schema\/logo\/image\/","url":"https:\/\/muchada-leclapart.com\/wp-content\/uploads\/muchada-leclapart_logo_menu-blanco.svg","contentUrl":"https:\/\/muchada-leclapart.com\/wp-content\/uploads\/muchada-leclapart_logo_menu-blanco.svg","caption":"Muchada-L\u00e9clapart"},"image":{"@id":"https:\/\/muchada-leclapart.com\/#\/schema\/logo\/image\/"}}]}},"uagb_featured_image_src":{"full":["https:\/\/muchada-leclapart.com\/wp-content\/uploads\/Braga-Tour-Dia-3-Muchada-Leclepart-205-1.webp",1024,1534,false],"thumbnail":["https:\/\/muchada-leclapart.com\/wp-content\/uploads\/Braga-Tour-Dia-3-Muchada-Leclepart-205-1-150x150.webp",150,150,true],"medium":["https:\/\/muchada-leclapart.com\/wp-content\/uploads\/Braga-Tour-Dia-3-Muchada-Leclepart-205-1-200x300.webp",200,300,true],"medium_large":["https:\/\/muchada-leclapart.com\/wp-content\/uploads\/Braga-Tour-Dia-3-Muchada-Leclepart-205-1-768x1151.webp",768,1151,true],"large":["https:\/\/muchada-leclapart.com\/wp-content\/uploads\/Braga-Tour-Dia-3-Muchada-Leclepart-205-1-684x1024.webp",684,1024,true],"1536x1536":["https:\/\/muchada-leclapart.com\/wp-content\/uploads\/Braga-Tour-Dia-3-Muchada-Leclepart-205-1.webp",1024,1534,false],"2048x2048":["https:\/\/muchada-leclapart.com\/wp-content\/uploads\/Braga-Tour-Dia-3-Muchada-Leclepart-205-1.webp",1024,1534,false],"trp-custom-language-flag":["https:\/\/muchada-leclapart.com\/wp-content\/uploads\/Braga-Tour-Dia-3-Muchada-Leclepart-205-1-8x12.webp",8,12,true],"woocommerce_thumbnail":["https:\/\/muchada-leclapart.com\/wp-content\/uploads\/Braga-Tour-Dia-3-Muchada-Leclepart-205-1-800x800.webp",800,800,true],"woocommerce_single":["https:\/\/muchada-leclapart.com\/wp-content\/uploads\/Braga-Tour-Dia-3-Muchada-Leclepart-205-1-800x1198.webp",800,1198,true],"woocommerce_gallery_thumbnail":["https:\/\/muchada-leclapart.com\/wp-content\/uploads\/Braga-Tour-Dia-3-Muchada-Leclepart-205-1-100x100.webp",100,100,true]},"uagb_author_info":{"display_name":"Francisco Jos\u00e9 GONZ\u00c1LEZ PAV\u00d3N","author_link":"https:\/\/muchada-leclapart.com\/en\/author\/"},"uagb_comment_info":0,"uagb_excerpt":"Realizamos visitas privadas para grupos reducidos de 4 a 10 personas, donde explicamos todo el proceso de producci\u00f3n, desde el trabajo de la vi\u00f1a a la elaboraci\u00f3n de los vinos. Te acercaremos el mundo de la agricultura biodin\u00e1mica en suelos de albariza y vi\u00f1as viejas de palomino, los sutiles detalles de la escuela francesa y&hellip;","_links":{"self":[{"href":"https:\/\/muchada-leclapart.com\/en\/wp-json\/wp\/v2\/product\/213060","targetHints":{"allow":["GET"]}}],"collection":[{"href":"https:\/\/muchada-leclapart.com\/en\/wp-json\/wp\/v2\/product"}],"about":[{"href":"https:\/\/muchada-leclapart.com\/en\/wp-json\/wp\/v2\/types\/product"}],"wp:featuredmedia":[{"embeddable":true,"href":"https:\/\/muchada-leclapart.com\/en\/wp-json\/wp\/v2\/media\/213470"}],"wp:attachment":[{"href":"https:\/\/muchada-leclapart.com\/en\/wp-json\/wp\/v2\/media?parent=213060"}],"wp:term":[{"taxonomy":"product_brand","embeddable":true,"href":"https:\/\/muchada-leclapart.com\/en\/wp-json\/wp\/v2\/product_brand?post=213060"},{"taxonomy":"product_cat","embeddable":true,"href":"https:\/\/muchada-leclapart.com\/en\/wp-json\/wp\/v2\/product_cat?post=213060"},{"taxonomy":"product_tag","embeddable":true,"href":"https:\/\/muchada-leclapart.com\/en\/wp-json\/wp\/v2\/product_tag?post=213060"}],"curies":[{"name":"wp","href":"https:\/\/api.w.org\/{rel}","templated":true}]}}