{"id":68,"date":"2025-11-23T14:52:00","date_gmt":"2025-11-23T14:52:00","guid":{"rendered":"https:\/\/muchada-leclapart.com\/?page_id=68"},"modified":"2025-12-05T16:45:19","modified_gmt":"2025-12-05T15:45:19","slug":"wines","status":"publish","type":"page","link":"https:\/\/muchada-leclapart.com\/en\/wines\/","title":{"rendered":"Wines"},"content":{"rendered":"<div class=\"wp-block-uagb-container uagb-block-91aedc15 alignfull uagb-is-root-container\"><div class=\"uagb-container-inner-blocks-wrap\">\n<div class=\"wp-block-uagb-advanced-heading uagb-block-8ab73dad\"><h1 class=\"uagb-heading-text\">The wines<\/h1><p class=\"uagb-desc-text\">We are the soul of Sherry: Albariza soils and Palomino grapes in their purest state.<\/p><\/div>\n<\/div><\/div>\n\n\n\n<div class=\"wp-block-uagb-container uagb-block-5a906156 alignfull uagb-is-root-container\"><div class=\"uagb-container-inner-blocks-wrap\">\n<p><strong>All Muchada-L\u00e9clapart wines are dry, plot-grown whites.<\/strong> and come exclusively from their own biodynamically farmed vineyards. They only produce around 15,000 bottles per year.<\/p>\n\n\n\n<p>In the cellar, <strong>the purest and simplest expression is sought<\/strong>The wine is made from albariza and palomino grapes without make-up (no use of the veil of flor or old wineskins). In this way, the<strong>&nbsp;<em>terroir<\/em><\/strong>&nbsp;The verticality, sapidity and unique salinity of the albariza soils, and the elegance, finesse and subtlety of the palomino and muscatel grapes.<\/p>\n\n\n\n<p>The different references <strong>come from parcel work<\/strong> (each wine is a universe that comes from a single plot), of the Palomino and Moscatel varieties, and their vinification methods: direct pressing or maceration.<\/p>\n<\/div><\/div>\n\n\n\n<div class=\"wp-block-uagb-container uagb-block-c6d8d5c0 alignfull uagb-is-root-container\"><div class=\"uagb-container-inner-blocks-wrap\">\n<div class=\"wp-block-uagb-container uagb-block-08af068f alignfull uagb-is-root-container\"><div class=\"uagb-container-inner-blocks-wrap\">\n<div class=\"wp-block-uagb-advanced-heading uagb-block-73588e3e\"><h2 class=\"uagb-heading-text\">Our wines<\/h2><\/div>\n<\/div><\/div>\n\n\n\n<div class=\"wp-block-uagb-container uagb-block-a785461b\">\n<div class=\"wp-block-uagb-info-box uagb-block-276b3588 uagb-infobox__content-wrap  uagb-infobox_cta-type-all uagb-infobox-icon-above-title uagb-infobox-image-valign-top\"><a href=\"https:\/\/muchada-leclapart.com\/en\/wines\/univers\/\" class=\"uagb-infobox-link-wrap uagb-infbox__link-to-all\" target=\"_self\" aria-label=\"Infobox Link\" rel=\"noopener noreferrer\" onclick=\"return true;\"><\/a><div class=\"uagb-ifb-content\"><div class=\"uagb-ifb-image-content\"><img decoding=\"async\" src=\"https:\/\/muchada-leclapart.com\/wp-content\/uploads\/Univers-2022-1.webp\" alt=\"\" width=\"100\" height=\"358\" loading=\"lazy\"\/><\/div><div class=\"uagb-ifb-title-wrap\"><h3 class=\"uagb-ifb-title\">UNIVERS<\/h3><\/div><p class=\"uagb-ifb-desc\">Univers is the entrance to our \u201cUniverse\u201d: fresh, saline and elegant. Pure palomino grape without wood<\/p><div class=\"uagb-ifb-button-wrapper wp-block-button\"><\/div><\/div><\/div>\n<\/div>\n\n\n\n<div class=\"wp-block-uagb-container uagb-block-e08f2589\">\n<div class=\"wp-block-uagb-info-box uagb-block-ed188d8c uagb-infobox__content-wrap  uagb-infobox_cta-type-all uagb-infobox-icon-above-title uagb-infobox-image-valign-top\"><a href=\"https:\/\/muchada-leclapart.com\/en\/wines\/lumiere\/\" class=\"uagb-infobox-link-wrap uagb-infbox__link-to-all\" target=\"_self\" aria-label=\"Infobox Link\" rel=\"noopener noreferrer\" onclick=\"return true;\"><\/a><div class=\"uagb-ifb-content\"><div class=\"uagb-ifb-image-content\"><img decoding=\"async\" src=\"https:\/\/muchada-leclapart.com\/wp-content\/uploads\/Lumiere-2022-1.webp\" alt=\"\" width=\"100\" height=\"356\" loading=\"lazy\"\/><\/div><div class=\"uagb-ifb-title-wrap\"><h3 class=\"uagb-ifb-title\">LUMIERE<\/h3><\/div><p class=\"uagb-ifb-desc\">Lumi\u00e8re is our shining beacon; balanced, serene, saline and elegant; the lively subtlety of the palomino grape.<\/p><div class=\"uagb-ifb-button-wrapper wp-block-button\"><\/div><\/div><\/div>\n<\/div>\n\n\n\n<div class=\"wp-block-uagb-container uagb-block-05f4bbee\">\n<div class=\"wp-block-uagb-info-box uagb-block-202f0612 uagb-infobox__content-wrap  uagb-infobox_cta-type-all uagb-infobox-icon-above-title uagb-infobox-image-valign-top\"><a href=\"https:\/\/muchada-leclapart.com\/en\/wines\/elixir\/\" class=\"uagb-infobox-link-wrap uagb-infbox__link-to-all\" target=\"_self\" aria-label=\"Infobox Link\" rel=\"noopener noreferrer\" onclick=\"return true;\"><\/a><div class=\"uagb-ifb-content\"><div class=\"uagb-ifb-image-content\"><img decoding=\"async\" src=\"https:\/\/muchada-leclapart.com\/wp-content\/uploads\/Elixir-2022-1.webp\" alt=\"\" width=\"100\" height=\"356\" loading=\"lazy\"\/><\/div><div class=\"uagb-ifb-title-wrap\"><h3 class=\"uagb-ifb-title\">ELIXIR<\/h3><\/div><p class=\"uagb-ifb-desc\">\u00c9lixir is our perfume of life; feminine, floral, demure, fine and with a beautiful tension between the nose and the mouth.<\/p><div class=\"uagb-ifb-button-wrapper wp-block-button\"><\/div><\/div><\/div>\n<\/div>\n\n\n\n<div class=\"wp-block-uagb-container uagb-block-5a0aa274\">\n<div class=\"wp-block-uagb-info-box uagb-block-8fb36201 uagb-infobox__content-wrap  uagb-infobox_cta-type-all uagb-infobox-icon-above-title uagb-infobox-image-valign-top\"><a href=\"https:\/\/muchada-leclapart.com\/en\/wines\/etoile\/\" class=\"uagb-infobox-link-wrap uagb-infbox__link-to-all\" target=\"_self\" aria-label=\"Infobox Link\" rel=\"noopener noreferrer\" onclick=\"return true;\"><\/a><div class=\"uagb-ifb-content\"><div class=\"uagb-ifb-image-content\"><img decoding=\"async\" src=\"https:\/\/muchada-leclapart.com\/wp-content\/uploads\/Etoile-2021-1.webp\" alt=\"\" width=\"100\" height=\"363\" loading=\"lazy\"\/><\/div><div class=\"uagb-ifb-title-wrap\"><h3 class=\"uagb-ifb-title\">ETOILE<\/h3><\/div><p class=\"uagb-ifb-desc\">Etoile is our star; dry, sherry, saline and elegant; a silent memory of our history.&nbsp;<\/p><div class=\"uagb-ifb-button-wrapper wp-block-button\"><\/div><\/div><\/div>\n<\/div>\n\n\n\n<div class=\"wp-block-uagb-container uagb-block-8093fbc9\">\n<div class=\"wp-block-uagb-info-box uagb-block-9b5753b6 uagb-infobox__content-wrap  uagb-infobox_cta-type-all uagb-infobox-icon-above-title uagb-infobox-image-valign-top\"><a href=\"https:\/\/muchada-leclapart.com\/en\/wines\/vibrations\/\" class=\"uagb-infobox-link-wrap uagb-infbox__link-to-all\" target=\"_self\" aria-label=\"Infobox Link\" rel=\"noopener noreferrer\" onclick=\"return true;\"><\/a><div class=\"uagb-ifb-content\"><div class=\"uagb-ifb-image-content\"><img decoding=\"async\" src=\"https:\/\/muchada-leclapart.com\/wp-content\/uploads\/Vibrations-2022-1.webp\" alt=\"\" width=\"100\" height=\"359\" loading=\"lazy\"\/><\/div><div class=\"uagb-ifb-title-wrap\"><h3 class=\"uagb-ifb-title\">VIBRATIONS<\/h3><\/div><p class=\"uagb-ifb-desc\">Vibrations is our meditative moment; complex, dry, tropical, spicy, without losing the salinity and elegance of the albariza.<\/p><div class=\"uagb-ifb-button-wrapper wp-block-button\"><\/div><\/div><\/div>\n<\/div>\n<\/div><\/div>","protected":false},"excerpt":{"rendered":"<p>The wines We are the soul of Jerez: Albariza soils and Palomino grapes in their purest state All Muchada-L\u00e9clapart wines are dry white wines from plots and come exclusively from their own vineyards worked in biodynamic agriculture. They only produce around 15,000 bottles per year. In the winery, the aim is to [...]<\/p>","protected":false},"author":1,"featured_media":0,"parent":0,"menu_order":0,"comment_status":"closed","ping_status":"closed","template":"","meta":{"_uag_custom_page_level_css":"","site-sidebar-layout":"default","site-content-layout":"","ast-site-content-layout":"default","site-content-style":"default","site-sidebar-style":"default","ast-global-header-display":"","ast-banner-title-visibility":"","ast-main-header-display":"","ast-hfb-above-header-display":"","ast-hfb-below-header-display":"","ast-hfb-mobile-header-display":"","site-post-title":"disabled","ast-breadcrumbs-content":"","ast-featured-img":"","footer-sml-layout":"","ast-disable-related-posts":"","theme-transparent-header-meta":"","adv-header-id-meta":"","stick-header-meta":"","header-above-stick-meta":"","header-main-stick-meta":"","header-below-stick-meta":"","astra-migrate-meta-layouts":"default","ast-page-background-enabled":"default","ast-page-background-meta":{"desktop":{"background-color":"var(--ast-global-color-5)","background-image":"","background-repeat":"repeat","background-position":"center center","background-size":"auto","background-attachment":"scroll","background-type":"","background-media":"","overlay-type":"","overlay-color":"","overlay-opacity":"","overlay-gradient":""},"tablet":{"background-color":"","background-image":"","background-repeat":"repeat","background-position":"center center","background-size":"auto","background-attachment":"scroll","background-type":"","background-media":"","overlay-type":"","overlay-color":"","overlay-opacity":"","overlay-gradient":""},"mobile":{"background-color":"","background-image":"","background-repeat":"repeat","background-position":"center center","background-size":"auto","background-attachment":"scroll","background-type":"","background-media":"","overlay-type":"","overlay-color":"","overlay-opacity":"","overlay-gradient":""}},"ast-content-background-meta":{"desktop":{"background-color":"var(--ast-global-color-4)","background-image":"","background-repeat":"repeat","background-position":"center center","background-size":"auto","background-attachment":"scroll","background-type":"","background-media":"","overlay-type":"","overlay-color":"","overlay-opacity":"","overlay-gradient":""},"tablet":{"background-color":"var(--ast-global-color-4)","background-image":"","background-repeat":"repeat","background-position":"center center","background-size":"auto","background-attachment":"scroll","background-type":"","background-media":"","overlay-type":"","overlay-color":"","overlay-opacity":"","overlay-gradient":""},"mobile":{"background-color":"var(--ast-global-color-4)","background-image":"","background-repeat":"repeat","background-position":"center center","background-size":"auto","background-attachment":"scroll","background-type":"","background-media":"","overlay-type":"","overlay-color":"","overlay-opacity":"","overlay-gradient":""}},"footnotes":""},"class_list":["post-68","page","type-page","status-publish","hentry"],"yoast_head":"<!-- This site is optimized with the Yoast SEO plugin v27.4 - https:\/\/yoast.com\/product\/yoast-seo-wordpress\/ -->\n<title>Vinos - Muchada-L\u00e9clapart<\/title>\n<meta name=\"robots\" content=\"index, follow, max-snippet:-1, max-image-preview:large, max-video-preview:-1\" \/>\n<link rel=\"canonical\" href=\"https:\/\/muchada-leclapart.com\/en\/wines\/\" \/>\n<meta property=\"og:locale\" content=\"en_GB\" \/>\n<meta property=\"og:type\" content=\"article\" \/>\n<meta property=\"og:title\" content=\"Vinos - Muchada-L\u00e9clapart\" \/>\n<meta property=\"og:description\" content=\"Los vinos Somos el alma del Jerez: suelos de Albariza y uva Palomino en estado puro Todos los vinos Muchada-L\u00e9clapart son blancos secos de parcela y proceden exclusivamente de sus propios vi\u00f1edos trabajados en agricultura biodin\u00e1mica. Producen \u00fanicamente alrededor de 15.000 botellas anuales. En la bodega, se busca la [&hellip;]\" \/>\n<meta property=\"og:url\" content=\"https:\/\/muchada-leclapart.com\/en\/wines\/\" \/>\n<meta property=\"og:site_name\" content=\"Muchada-L\u00e9clapart\" \/>\n<meta property=\"article:modified_time\" content=\"2025-12-05T15:45:19+00:00\" \/>\n<meta name=\"twitter:card\" content=\"summary_large_image\" \/>\n<meta name=\"twitter:label1\" content=\"Estimated reading time\" \/>\n\t<meta name=\"twitter:data1\" content=\"2 minutes\" \/>\n<script type=\"application\/ld+json\" class=\"yoast-schema-graph\">{\"@context\":\"https:\\\/\\\/schema.org\",\"@graph\":[{\"@type\":\"WebPage\",\"@id\":\"https:\\\/\\\/muchada-leclapart.com\\\/vinos\\\/\",\"url\":\"https:\\\/\\\/muchada-leclapart.com\\\/vinos\\\/\",\"name\":\"Vinos - Muchada-L\u00e9clapart\",\"isPartOf\":{\"@id\":\"https:\\\/\\\/muchada-leclapart.com\\\/#website\"},\"datePublished\":\"2025-11-23T14:52:00+00:00\",\"dateModified\":\"2025-12-05T15:45:19+00:00\",\"breadcrumb\":{\"@id\":\"https:\\\/\\\/muchada-leclapart.com\\\/vinos\\\/#breadcrumb\"},\"inLanguage\":\"en-GB\",\"potentialAction\":[{\"@type\":\"ReadAction\",\"target\":[\"https:\\\/\\\/muchada-leclapart.com\\\/vinos\\\/\"]}]},{\"@type\":\"BreadcrumbList\",\"@id\":\"https:\\\/\\\/muchada-leclapart.com\\\/vinos\\\/#breadcrumb\",\"itemListElement\":[{\"@type\":\"ListItem\",\"position\":1,\"name\":\"Portada\",\"item\":\"https:\\\/\\\/muchada-leclapart.com\\\/\"},{\"@type\":\"ListItem\",\"position\":2,\"name\":\"Vinos\"}]},{\"@type\":\"WebSite\",\"@id\":\"https:\\\/\\\/muchada-leclapart.com\\\/#website\",\"url\":\"https:\\\/\\\/muchada-leclapart.com\\\/\",\"name\":\"Muchada-L\u00e9clapart\",\"description\":\"Salud Amigos!\",\"publisher\":{\"@id\":\"https:\\\/\\\/muchada-leclapart.com\\\/#organization\"},\"potentialAction\":[{\"@type\":\"SearchAction\",\"target\":{\"@type\":\"EntryPoint\",\"urlTemplate\":\"https:\\\/\\\/muchada-leclapart.com\\\/?s={search_term_string}\"},\"query-input\":{\"@type\":\"PropertyValueSpecification\",\"valueRequired\":true,\"valueName\":\"search_term_string\"}}],\"inLanguage\":\"en-GB\"},{\"@type\":\"Organization\",\"@id\":\"https:\\\/\\\/muchada-leclapart.com\\\/#organization\",\"name\":\"Muchada-L\u00e9clapart\",\"url\":\"https:\\\/\\\/muchada-leclapart.com\\\/\",\"logo\":{\"@type\":\"ImageObject\",\"inLanguage\":\"en-GB\",\"@id\":\"https:\\\/\\\/muchada-leclapart.com\\\/#\\\/schema\\\/logo\\\/image\\\/\",\"url\":\"https:\\\/\\\/muchada-leclapart.com\\\/wp-content\\\/uploads\\\/muchada-leclapart_logo_menu-blanco.svg\",\"contentUrl\":\"https:\\\/\\\/muchada-leclapart.com\\\/wp-content\\\/uploads\\\/muchada-leclapart_logo_menu-blanco.svg\",\"caption\":\"Muchada-L\u00e9clapart\"},\"image\":{\"@id\":\"https:\\\/\\\/muchada-leclapart.com\\\/#\\\/schema\\\/logo\\\/image\\\/\"}}]}<\/script>\n<!-- \/ Yoast SEO plugin. -->","yoast_head_json":{"title":"Wines - Muchada-L\u00e9clapart","robots":{"index":"index","follow":"follow","max-snippet":"max-snippet:-1","max-image-preview":"max-image-preview:large","max-video-preview":"max-video-preview:-1"},"canonical":"https:\/\/muchada-leclapart.com\/en\/wines\/","og_locale":"en_GB","og_type":"article","og_title":"Vinos - Muchada-L\u00e9clapart","og_description":"Los vinos Somos el alma del Jerez: suelos de Albariza y uva Palomino en estado puro Todos los vinos Muchada-L\u00e9clapart son blancos secos de parcela y proceden exclusivamente de sus propios vi\u00f1edos trabajados en agricultura biodin\u00e1mica. Producen \u00fanicamente alrededor de 15.000 botellas anuales. En la bodega, se busca la [&hellip;]","og_url":"https:\/\/muchada-leclapart.com\/en\/wines\/","og_site_name":"Muchada-L\u00e9clapart","article_modified_time":"2025-12-05T15:45:19+00:00","twitter_card":"summary_large_image","twitter_misc":{"Estimated reading time":"2 minutes"},"schema":{"@context":"https:\/\/schema.org","@graph":[{"@type":"WebPage","@id":"https:\/\/muchada-leclapart.com\/vinos\/","url":"https:\/\/muchada-leclapart.com\/vinos\/","name":"Wines - Muchada-L\u00e9clapart","isPartOf":{"@id":"https:\/\/muchada-leclapart.com\/#website"},"datePublished":"2025-11-23T14:52:00+00:00","dateModified":"2025-12-05T15:45:19+00:00","breadcrumb":{"@id":"https:\/\/muchada-leclapart.com\/vinos\/#breadcrumb"},"inLanguage":"en-GB","potentialAction":[{"@type":"ReadAction","target":["https:\/\/muchada-leclapart.com\/vinos\/"]}]},{"@type":"BreadcrumbList","@id":"https:\/\/muchada-leclapart.com\/vinos\/#breadcrumb","itemListElement":[{"@type":"ListItem","position":1,"name":"Portada","item":"https:\/\/muchada-leclapart.com\/"},{"@type":"ListItem","position":2,"name":"Vinos"}]},{"@type":"WebSite","@id":"https:\/\/muchada-leclapart.com\/#website","url":"https:\/\/muchada-leclapart.com\/","name":"Muchada-L\u00e9clapart","description":"Cheers Friends!","publisher":{"@id":"https:\/\/muchada-leclapart.com\/#organization"},"potentialAction":[{"@type":"SearchAction","target":{"@type":"EntryPoint","urlTemplate":"https:\/\/muchada-leclapart.com\/?s={search_term_string}"},"query-input":{"@type":"PropertyValueSpecification","valueRequired":true,"valueName":"search_term_string"}}],"inLanguage":"en-GB"},{"@type":"Organization","@id":"https:\/\/muchada-leclapart.com\/#organization","name":"Muchada-L\u00e9clapart","url":"https:\/\/muchada-leclapart.com\/","logo":{"@type":"ImageObject","inLanguage":"en-GB","@id":"https:\/\/muchada-leclapart.com\/#\/schema\/logo\/image\/","url":"https:\/\/muchada-leclapart.com\/wp-content\/uploads\/muchada-leclapart_logo_menu-blanco.svg","contentUrl":"https:\/\/muchada-leclapart.com\/wp-content\/uploads\/muchada-leclapart_logo_menu-blanco.svg","caption":"Muchada-L\u00e9clapart"},"image":{"@id":"https:\/\/muchada-leclapart.com\/#\/schema\/logo\/image\/"}}]}},"_hostinger_reach_plugin_has_subscription_block":false,"_hostinger_reach_plugin_is_elementor":false,"uagb_featured_image_src":{"full":false,"thumbnail":false,"medium":false,"medium_large":false,"large":false,"1536x1536":false,"2048x2048":false,"trp-custom-language-flag":false,"woocommerce_thumbnail":false,"woocommerce_single":false,"woocommerce_gallery_thumbnail":false},"uagb_author_info":{"display_name":"Francisco Jos\u00e9 GONZ\u00c1LEZ PAV\u00d3N","author_link":"https:\/\/muchada-leclapart.com\/en\/author\/kikopavongmail-com\/"},"uagb_comment_info":0,"uagb_excerpt":"Los vinos Somos el alma del Jerez: suelos de Albariza y uva Palomino en estado puro Todos los vinos Muchada-L\u00e9clapart son blancos secos de parcela y proceden exclusivamente de sus propios vi\u00f1edos trabajados en agricultura biodin\u00e1mica. Producen \u00fanicamente alrededor de 15.000 botellas anuales. En la bodega, se busca la [&hellip;]","_links":{"self":[{"href":"https:\/\/muchada-leclapart.com\/en\/wp-json\/wp\/v2\/pages\/68","targetHints":{"allow":["GET"]}}],"collection":[{"href":"https:\/\/muchada-leclapart.com\/en\/wp-json\/wp\/v2\/pages"}],"about":[{"href":"https:\/\/muchada-leclapart.com\/en\/wp-json\/wp\/v2\/types\/page"}],"author":[{"embeddable":true,"href":"https:\/\/muchada-leclapart.com\/en\/wp-json\/wp\/v2\/users\/1"}],"replies":[{"embeddable":true,"href":"https:\/\/muchada-leclapart.com\/en\/wp-json\/wp\/v2\/comments?post=68"}],"version-history":[{"count":9,"href":"https:\/\/muchada-leclapart.com\/en\/wp-json\/wp\/v2\/pages\/68\/revisions"}],"predecessor-version":[{"id":213354,"href":"https:\/\/muchada-leclapart.com\/en\/wp-json\/wp\/v2\/pages\/68\/revisions\/213354"}],"wp:attachment":[{"href":"https:\/\/muchada-leclapart.com\/en\/wp-json\/wp\/v2\/media?parent=68"}],"curies":[{"name":"wp","href":"https:\/\/api.w.org\/{rel}","templated":true}]}}