{"id":60,"date":"2025-11-23T11:52:29","date_gmt":"2025-11-23T11:52:29","guid":{"rendered":"https:\/\/muchada-leclapart.com\/?page_id=60"},"modified":"2025-12-05T10:56:34","modified_gmt":"2025-12-05T10:56:34","slug":"winemaking","status":"publish","type":"page","link":"https:\/\/muchada-leclapart.com\/en\/we\/winemaking\/","title":{"rendered":"Winemaking"},"content":{"rendered":"<div class=\"wp-block-uagb-container uagb-block-840fe8e7 alignfull uagb-is-root-container\"><div class=\"uagb-container-inner-blocks-wrap\">\n<div class=\"wp-block-uagb-advanced-heading uagb-block-8ab73dad\"><h1 class=\"uagb-heading-text\">Minimal intervention winemaking<\/h1><\/div>\n<\/div><\/div>\n\n\n\n<div class=\"wp-block-uagb-container uagb-block-789dc00f alignfull uagb-is-root-container\"><div class=\"uagb-container-inner-blocks-wrap\">\n<h2 class=\"wp-block-heading\">There is no recipe for happiness. Excellence is the sum of infinite and delicate details.<\/h2>\n\n\n\n<p>In the winery, every detail counts for Muchada-L\u00e9clapart. Their quest is for the minimum intervention to maintain the energy of nature's gift.&nbsp;<\/p>\n\n\n\n<p>They work meticulously so as not to spoil the raw material. The first decision is fundamental: the time of harvesting the grapes, which seeks to <strong>maintaining tension, balance and harmony<\/strong> in the ripening process for a dry white wine. During the harvest <strong>is collected manually in the evening<\/strong> to prevent the grapes from heating up, and is pressed directly with a careful Champagne press that gradually extracts the juice from the bunches of grapes over a period of four hours.<\/p>\n\n\n\n<p>In the winery, everything is designed to <strong>minimising movement<\/strong>, The wine loses its qualities every time it is moved. Fermentation begins spontaneously without the addition of selected yeasts or acids, just a minimal amount of sulphur (less than 10% than usual), and the wine is left untouched on its lees for eleven months, and finally bottled.<strong> unfiltered and not cold stabilised<\/strong>, to maintain all its nuances and aromas. All bottles have sediment, so it is advisable to keep the bottle upright for two weeks before tasting, open it without shaking it and decant it if possible. The recommended serving temperature is 13-14\u00baC.<\/p>\n\n\n\n<div class=\"wp-block-uagb-image uagb-block-6cdba248 wp-block-uagb-image--layout-default wp-block-uagb-image--effect-static wp-block-uagb-image--align-none\"><figure class=\"wp-block-uagb-image__figure\"><img decoding=\"async\" srcset=\"https:\/\/darkviolet-gull-195867.hostingersite.com\/wp-content\/uploads\/2025\/11\/Copia-de-DPBU3948.webp ,https:\/\/darkviolet-gull-195867.hostingersite.com\/wp-content\/uploads\/2025\/11\/Copia-de-DPBU3948.webp 780w, https:\/\/darkviolet-gull-195867.hostingersite.com\/wp-content\/uploads\/2025\/11\/Copia-de-DPBU3948.webp 360w\" sizes=\"auto, (max-width: 480px) 150px\" src=\"https:\/\/darkviolet-gull-195867.hostingersite.com\/wp-content\/uploads\/2025\/11\/Copia-de-DPBU3948.webp\" alt=\"\" class=\"uag-image-212833\" width=\"1024\" height=\"667\" title=\"Copy of DPBU3948\" loading=\"lazy\" role=\"img\"\/><\/figure><\/div>\n<\/div><\/div>","protected":false},"excerpt":{"rendered":"<p>Minimal intervention winemaking There is no recipe for happiness. Excellence is the sum of infinite and delicate details In the winery, every detail counts for Muchada-L\u00e9clapart. They strive for minimum intervention to maintain the energy of nature's gift.  They work meticulously so as not to spoil the [...]<\/p>","protected":false},"author":1,"featured_media":0,"parent":53,"menu_order":0,"comment_status":"closed","ping_status":"closed","template":"","meta":{"_uag_custom_page_level_css":"","site-sidebar-layout":"default","site-content-layout":"","ast-site-content-layout":"default","site-content-style":"default","site-sidebar-style":"default","ast-global-header-display":"","ast-banner-title-visibility":"","ast-main-header-display":"","ast-hfb-above-header-display":"","ast-hfb-below-header-display":"","ast-hfb-mobile-header-display":"","site-post-title":"disabled","ast-breadcrumbs-content":"","ast-featured-img":"","footer-sml-layout":"","ast-disable-related-posts":"","theme-transparent-header-meta":"","adv-header-id-meta":"","stick-header-meta":"","header-above-stick-meta":"","header-main-stick-meta":"","header-below-stick-meta":"","astra-migrate-meta-layouts":"default","ast-page-background-enabled":"default","ast-page-background-meta":{"desktop":{"background-color":"var(--ast-global-color-5)","background-image":"","background-repeat":"repeat","background-position":"center center","background-size":"auto","background-attachment":"scroll","background-type":"","background-media":"","overlay-type":"","overlay-color":"","overlay-opacity":"","overlay-gradient":""},"tablet":{"background-color":"","background-image":"","background-repeat":"repeat","background-position":"center center","background-size":"auto","background-attachment":"scroll","background-type":"","background-media":"","overlay-type":"","overlay-color":"","overlay-opacity":"","overlay-gradient":""},"mobile":{"background-color":"","background-image":"","background-repeat":"repeat","background-position":"center center","background-size":"auto","background-attachment":"scroll","background-type":"","background-media":"","overlay-type":"","overlay-color":"","overlay-opacity":"","overlay-gradient":""}},"ast-content-background-meta":{"desktop":{"background-color":"var(--ast-global-color-4)","background-image":"","background-repeat":"repeat","background-position":"center center","background-size":"auto","background-attachment":"scroll","background-type":"","background-media":"","overlay-type":"","overlay-color":"","overlay-opacity":"","overlay-gradient":""},"tablet":{"background-color":"var(--ast-global-color-4)","background-image":"","background-repeat":"repeat","background-position":"center center","background-size":"auto","background-attachment":"scroll","background-type":"","background-media":"","overlay-type":"","overlay-color":"","overlay-opacity":"","overlay-gradient":""},"mobile":{"background-color":"var(--ast-global-color-4)","background-image":"","background-repeat":"repeat","background-position":"center center","background-size":"auto","background-attachment":"scroll","background-type":"","background-media":"","overlay-type":"","overlay-color":"","overlay-opacity":"","overlay-gradient":""}},"footnotes":""},"class_list":["post-60","page","type-page","status-publish","hentry"],"yoast_head":"<!-- This site is optimized with the Yoast SEO plugin v27.4 - https:\/\/yoast.com\/product\/yoast-seo-wordpress\/ -->\n<title>Vinificaci\u00f3n - Muchada-L\u00e9clapart<\/title>\n<meta name=\"robots\" content=\"index, follow, max-snippet:-1, max-image-preview:large, max-video-preview:-1\" \/>\n<link rel=\"canonical\" href=\"https:\/\/muchada-leclapart.com\/en\/we\/winemaking\/\" \/>\n<meta property=\"og:locale\" content=\"en_GB\" \/>\n<meta property=\"og:type\" content=\"article\" \/>\n<meta property=\"og:title\" content=\"Vinificaci\u00f3n - Muchada-L\u00e9clapart\" \/>\n<meta property=\"og:description\" content=\"Vinificaci\u00f3n de m\u00ednima intervenci\u00f3n No hay receta de la felicidad. La excelencia es la suma de infinitos y delicados detalles En bodega, todos los detalles cuentan para Muchada-L\u00e9clapart. Su b\u00fasqueda es la m\u00ednima intervenci\u00f3n para mantener la energ\u00eda del regalo de la Naturaleza.&nbsp; Trabajan meticulosamente para no estropear la [&hellip;]\" \/>\n<meta property=\"og:url\" content=\"https:\/\/muchada-leclapart.com\/en\/we\/winemaking\/\" \/>\n<meta property=\"og:site_name\" content=\"Muchada-L\u00e9clapart\" \/>\n<meta property=\"article:modified_time\" content=\"2025-12-05T10:56:34+00:00\" \/>\n<meta property=\"og:image\" content=\"https:\/\/darkviolet-gull-195867.hostingersite.com\/wp-content\/uploads\/2025\/11\/Copia-de-DPBU3948.webp\" \/>\n<meta name=\"twitter:card\" content=\"summary_large_image\" \/>\n<meta name=\"twitter:label1\" content=\"Estimated reading time\" \/>\n\t<meta name=\"twitter:data1\" content=\"2 minutes\" \/>\n<script type=\"application\/ld+json\" class=\"yoast-schema-graph\">{\"@context\":\"https:\\\/\\\/schema.org\",\"@graph\":[{\"@type\":\"WebPage\",\"@id\":\"https:\\\/\\\/muchada-leclapart.com\\\/nosotros\\\/vinificacion\\\/\",\"url\":\"https:\\\/\\\/muchada-leclapart.com\\\/nosotros\\\/vinificacion\\\/\",\"name\":\"Vinificaci\u00f3n - Muchada-L\u00e9clapart\",\"isPartOf\":{\"@id\":\"https:\\\/\\\/muchada-leclapart.com\\\/#website\"},\"primaryImageOfPage\":{\"@id\":\"https:\\\/\\\/muchada-leclapart.com\\\/nosotros\\\/vinificacion\\\/#primaryimage\"},\"image\":{\"@id\":\"https:\\\/\\\/muchada-leclapart.com\\\/nosotros\\\/vinificacion\\\/#primaryimage\"},\"thumbnailUrl\":\"https:\\\/\\\/darkviolet-gull-195867.hostingersite.com\\\/wp-content\\\/uploads\\\/2025\\\/11\\\/Copia-de-DPBU3948.webp\",\"datePublished\":\"2025-11-23T11:52:29+00:00\",\"dateModified\":\"2025-12-05T10:56:34+00:00\",\"breadcrumb\":{\"@id\":\"https:\\\/\\\/muchada-leclapart.com\\\/nosotros\\\/vinificacion\\\/#breadcrumb\"},\"inLanguage\":\"en-GB\",\"potentialAction\":[{\"@type\":\"ReadAction\",\"target\":[\"https:\\\/\\\/muchada-leclapart.com\\\/nosotros\\\/vinificacion\\\/\"]}]},{\"@type\":\"ImageObject\",\"inLanguage\":\"en-GB\",\"@id\":\"https:\\\/\\\/muchada-leclapart.com\\\/nosotros\\\/vinificacion\\\/#primaryimage\",\"url\":\"https:\\\/\\\/darkviolet-gull-195867.hostingersite.com\\\/wp-content\\\/uploads\\\/2025\\\/11\\\/Copia-de-DPBU3948.webp\",\"contentUrl\":\"https:\\\/\\\/darkviolet-gull-195867.hostingersite.com\\\/wp-content\\\/uploads\\\/2025\\\/11\\\/Copia-de-DPBU3948.webp\"},{\"@type\":\"BreadcrumbList\",\"@id\":\"https:\\\/\\\/muchada-leclapart.com\\\/nosotros\\\/vinificacion\\\/#breadcrumb\",\"itemListElement\":[{\"@type\":\"ListItem\",\"position\":1,\"name\":\"Portada\",\"item\":\"https:\\\/\\\/muchada-leclapart.com\\\/\"},{\"@type\":\"ListItem\",\"position\":2,\"name\":\"Nosotros\",\"item\":\"https:\\\/\\\/muchada-leclapart.com\\\/nosotros\\\/\"},{\"@type\":\"ListItem\",\"position\":3,\"name\":\"Vinificaci\u00f3n\"}]},{\"@type\":\"WebSite\",\"@id\":\"https:\\\/\\\/muchada-leclapart.com\\\/#website\",\"url\":\"https:\\\/\\\/muchada-leclapart.com\\\/\",\"name\":\"Muchada-L\u00e9clapart\",\"description\":\"Salud Amigos!\",\"publisher\":{\"@id\":\"https:\\\/\\\/muchada-leclapart.com\\\/#organization\"},\"potentialAction\":[{\"@type\":\"SearchAction\",\"target\":{\"@type\":\"EntryPoint\",\"urlTemplate\":\"https:\\\/\\\/muchada-leclapart.com\\\/?s={search_term_string}\"},\"query-input\":{\"@type\":\"PropertyValueSpecification\",\"valueRequired\":true,\"valueName\":\"search_term_string\"}}],\"inLanguage\":\"en-GB\"},{\"@type\":\"Organization\",\"@id\":\"https:\\\/\\\/muchada-leclapart.com\\\/#organization\",\"name\":\"Muchada-L\u00e9clapart\",\"url\":\"https:\\\/\\\/muchada-leclapart.com\\\/\",\"logo\":{\"@type\":\"ImageObject\",\"inLanguage\":\"en-GB\",\"@id\":\"https:\\\/\\\/muchada-leclapart.com\\\/#\\\/schema\\\/logo\\\/image\\\/\",\"url\":\"https:\\\/\\\/muchada-leclapart.com\\\/wp-content\\\/uploads\\\/muchada-leclapart_logo_menu-blanco.svg\",\"contentUrl\":\"https:\\\/\\\/muchada-leclapart.com\\\/wp-content\\\/uploads\\\/muchada-leclapart_logo_menu-blanco.svg\",\"caption\":\"Muchada-L\u00e9clapart\"},\"image\":{\"@id\":\"https:\\\/\\\/muchada-leclapart.com\\\/#\\\/schema\\\/logo\\\/image\\\/\"}}]}<\/script>\n<!-- \/ Yoast SEO plugin. -->","yoast_head_json":{"title":"Winemaking - Muchada-L\u00e9clapart","robots":{"index":"index","follow":"follow","max-snippet":"max-snippet:-1","max-image-preview":"max-image-preview:large","max-video-preview":"max-video-preview:-1"},"canonical":"https:\/\/muchada-leclapart.com\/en\/we\/winemaking\/","og_locale":"en_GB","og_type":"article","og_title":"Vinificaci\u00f3n - Muchada-L\u00e9clapart","og_description":"Vinificaci\u00f3n de m\u00ednima intervenci\u00f3n No hay receta de la felicidad. La excelencia es la suma de infinitos y delicados detalles En bodega, todos los detalles cuentan para Muchada-L\u00e9clapart. Su b\u00fasqueda es la m\u00ednima intervenci\u00f3n para mantener la energ\u00eda del regalo de la Naturaleza.&nbsp; Trabajan meticulosamente para no estropear la [&hellip;]","og_url":"https:\/\/muchada-leclapart.com\/en\/we\/winemaking\/","og_site_name":"Muchada-L\u00e9clapart","article_modified_time":"2025-12-05T10:56:34+00:00","og_image":[{"url":"https:\/\/darkviolet-gull-195867.hostingersite.com\/wp-content\/uploads\/2025\/11\/Copia-de-DPBU3948.webp","type":"","width":"","height":""}],"twitter_card":"summary_large_image","twitter_misc":{"Estimated reading time":"2 minutes"},"schema":{"@context":"https:\/\/schema.org","@graph":[{"@type":"WebPage","@id":"https:\/\/muchada-leclapart.com\/nosotros\/vinificacion\/","url":"https:\/\/muchada-leclapart.com\/nosotros\/vinificacion\/","name":"Winemaking - Muchada-L\u00e9clapart","isPartOf":{"@id":"https:\/\/muchada-leclapart.com\/#website"},"primaryImageOfPage":{"@id":"https:\/\/muchada-leclapart.com\/nosotros\/vinificacion\/#primaryimage"},"image":{"@id":"https:\/\/muchada-leclapart.com\/nosotros\/vinificacion\/#primaryimage"},"thumbnailUrl":"https:\/\/darkviolet-gull-195867.hostingersite.com\/wp-content\/uploads\/2025\/11\/Copia-de-DPBU3948.webp","datePublished":"2025-11-23T11:52:29+00:00","dateModified":"2025-12-05T10:56:34+00:00","breadcrumb":{"@id":"https:\/\/muchada-leclapart.com\/nosotros\/vinificacion\/#breadcrumb"},"inLanguage":"en-GB","potentialAction":[{"@type":"ReadAction","target":["https:\/\/muchada-leclapart.com\/nosotros\/vinificacion\/"]}]},{"@type":"ImageObject","inLanguage":"en-GB","@id":"https:\/\/muchada-leclapart.com\/nosotros\/vinificacion\/#primaryimage","url":"https:\/\/darkviolet-gull-195867.hostingersite.com\/wp-content\/uploads\/2025\/11\/Copia-de-DPBU3948.webp","contentUrl":"https:\/\/darkviolet-gull-195867.hostingersite.com\/wp-content\/uploads\/2025\/11\/Copia-de-DPBU3948.webp"},{"@type":"BreadcrumbList","@id":"https:\/\/muchada-leclapart.com\/nosotros\/vinificacion\/#breadcrumb","itemListElement":[{"@type":"ListItem","position":1,"name":"Portada","item":"https:\/\/muchada-leclapart.com\/"},{"@type":"ListItem","position":2,"name":"Nosotros","item":"https:\/\/muchada-leclapart.com\/nosotros\/"},{"@type":"ListItem","position":3,"name":"Vinificaci\u00f3n"}]},{"@type":"WebSite","@id":"https:\/\/muchada-leclapart.com\/#website","url":"https:\/\/muchada-leclapart.com\/","name":"Muchada-L\u00e9clapart","description":"Cheers Friends!","publisher":{"@id":"https:\/\/muchada-leclapart.com\/#organization"},"potentialAction":[{"@type":"SearchAction","target":{"@type":"EntryPoint","urlTemplate":"https:\/\/muchada-leclapart.com\/?s={search_term_string}"},"query-input":{"@type":"PropertyValueSpecification","valueRequired":true,"valueName":"search_term_string"}}],"inLanguage":"en-GB"},{"@type":"Organization","@id":"https:\/\/muchada-leclapart.com\/#organization","name":"Muchada-L\u00e9clapart","url":"https:\/\/muchada-leclapart.com\/","logo":{"@type":"ImageObject","inLanguage":"en-GB","@id":"https:\/\/muchada-leclapart.com\/#\/schema\/logo\/image\/","url":"https:\/\/muchada-leclapart.com\/wp-content\/uploads\/muchada-leclapart_logo_menu-blanco.svg","contentUrl":"https:\/\/muchada-leclapart.com\/wp-content\/uploads\/muchada-leclapart_logo_menu-blanco.svg","caption":"Muchada-L\u00e9clapart"},"image":{"@id":"https:\/\/muchada-leclapart.com\/#\/schema\/logo\/image\/"}}]}},"_hostinger_reach_plugin_has_subscription_block":false,"_hostinger_reach_plugin_is_elementor":false,"uagb_featured_image_src":{"full":false,"thumbnail":false,"medium":false,"medium_large":false,"large":false,"1536x1536":false,"2048x2048":false,"trp-custom-language-flag":false,"woocommerce_thumbnail":false,"woocommerce_single":false,"woocommerce_gallery_thumbnail":false},"uagb_author_info":{"display_name":"Francisco Jos\u00e9 GONZ\u00c1LEZ PAV\u00d3N","author_link":"https:\/\/muchada-leclapart.com\/en\/author\/kikopavongmail-com\/"},"uagb_comment_info":0,"uagb_excerpt":"Vinificaci\u00f3n de m\u00ednima intervenci\u00f3n No hay receta de la felicidad. La excelencia es la suma de infinitos y delicados detalles En bodega, todos los detalles cuentan para Muchada-L\u00e9clapart. Su b\u00fasqueda es la m\u00ednima intervenci\u00f3n para mantener la energ\u00eda del regalo de la Naturaleza.&nbsp; Trabajan meticulosamente para no estropear la [&hellip;]","_links":{"self":[{"href":"https:\/\/muchada-leclapart.com\/en\/wp-json\/wp\/v2\/pages\/60","targetHints":{"allow":["GET"]}}],"collection":[{"href":"https:\/\/muchada-leclapart.com\/en\/wp-json\/wp\/v2\/pages"}],"about":[{"href":"https:\/\/muchada-leclapart.com\/en\/wp-json\/wp\/v2\/types\/page"}],"author":[{"embeddable":true,"href":"https:\/\/muchada-leclapart.com\/en\/wp-json\/wp\/v2\/users\/1"}],"replies":[{"embeddable":true,"href":"https:\/\/muchada-leclapart.com\/en\/wp-json\/wp\/v2\/comments?post=60"}],"version-history":[{"count":4,"href":"https:\/\/muchada-leclapart.com\/en\/wp-json\/wp\/v2\/pages\/60\/revisions"}],"predecessor-version":[{"id":213380,"href":"https:\/\/muchada-leclapart.com\/en\/wp-json\/wp\/v2\/pages\/60\/revisions\/213380"}],"up":[{"embeddable":true,"href":"https:\/\/muchada-leclapart.com\/en\/wp-json\/wp\/v2\/pages\/53"}],"wp:attachment":[{"href":"https:\/\/muchada-leclapart.com\/en\/wp-json\/wp\/v2\/media?parent=60"}],"curies":[{"name":"wp","href":"https:\/\/api.w.org\/{rel}","templated":true}]}}