{"id":58,"date":"2025-11-23T11:48:56","date_gmt":"2025-11-23T11:48:56","guid":{"rendered":"https:\/\/muchada-leclapart.com\/?page_id=58"},"modified":"2025-12-05T10:58:28","modified_gmt":"2025-12-05T10:58:28","slug":"viticulture","status":"publish","type":"page","link":"https:\/\/muchada-leclapart.com\/en\/we\/viticulture\/","title":{"rendered":"Viticulture"},"content":{"rendered":"<div class=\"wp-block-uagb-container uagb-block-840fe8e7 alignfull uagb-is-root-container\"><div class=\"uagb-container-inner-blocks-wrap\">\n<div class=\"wp-block-uagb-advanced-heading uagb-block-8ab73dad\"><h1 class=\"uagb-heading-text\">Viticulture<\/h1><p class=\"uagb-desc-text\">Biodynamic agriculture and the making of vigneron<\/p><\/div>\n<\/div><\/div>\n\n\n\n<div class=\"wp-block-uagb-container uagb-block-3788f5e3 alignfull uagb-is-root-container\"><div class=\"uagb-container-inner-blocks-wrap\">\n<h2 class=\"wp-block-heading\">Great wines are made in the vineyard<\/h2>\n\n\n\n<p>Muchada-L\u00e9clapart are proudly <strong>vignerons<\/strong>, The winegrowers based on traditional know-how and an understanding of the rhythms of the soil and the vineyard. <strong>They work all their vineyards in biodynamic and certified organic agriculture.<\/strong>.<\/p>\n\n\n\n<p>They permanently seek to promote living soils with minimal intervention in soil tillage, with shallow ploughing, animal traction and small tractors that allow the soil's micro-organism layers to be maintained.&nbsp;<\/p>\n\n\n\n<p>They do not use chemical fertilisers and use only compost, based on the understanding that it is the plant that must forage for its own food, while the farmer's real task is to nourish the soil.<\/p>\n\n\n\n<p><strong>All these considerations lead them to achieve quality, concentration and harmony of the palomino grape.<\/strong>, even if it means lower yields than usual in the area. This allows the character and subtle elegance of the well-worked palomino vines and the unique identity of each plot to shine through.<\/p>\n\n\n\n<figure data-wp-context=\"{&quot;imageId&quot;:&quot;69fb2fcec7c07&quot;}\" data-wp-interactive=\"core\/image\" data-wp-key=\"69fb2fcec7c07\" class=\"wp-block-image size-full wp-lightbox-container\"><img decoding=\"async\" data-wp-class--hide=\"state.isContentHidden\" data-wp-class--show=\"state.isContentVisible\" data-wp-init=\"callbacks.setButtonStyles\" data-wp-on--click=\"actions.showLightbox\" data-wp-on--load=\"callbacks.setButtonStyles\" data-wp-on-window--resize=\"callbacks.setButtonStyles\" src=\"https:\/\/muchada-leclapart.com\/wp-content\/uploads\/Copia-de-Muchada_Leclapart_03.webp\" alt=\"\"\/><button\n\t\t\tclass=\"lightbox-trigger\"\n\t\t\ttype=\"button\"\n\t\t\taria-haspopup=\"dialog\"\n\t\t\taria-label=\"Enlarge\"\n\t\t\tdata-wp-init=\"callbacks.initTriggerButton\"\n\t\t\tdata-wp-on--click=\"actions.showLightbox\"\n\t\t\tdata-wp-style--right=\"state.imageButtonRight\"\n\t\t\tdata-wp-style--top=\"state.imageButtonTop\"\n\t\t>\n\t\t\t<svg xmlns=\"http:\/\/www.w3.org\/2000\/svg\" width=\"12\" height=\"12\" fill=\"none\" viewbox=\"0 0 12 12\">\n\t\t\t\t<path fill=\"#fff\" d=\"M2 0a2 2 0 0 0-2 2v2h1.5V2a.5.5 0 0 1 .5-.5h2V0H2Zm2 10.5H2a.5.5 0 0 1-.5-.5V8H0v2a2 2 0 0 0 2 2h2v-1.5ZM8 12v-1.5h2a.5.5 0 0 0 .5-.5V8H12v2a2 2 0 0 1-2 2H8Zm2-12a2 2 0 0 1 2 2v2h-1.5V2a.5.5 0 0 0-.5-.5H8V0h2Z\" \/>\n\t\t\t<\/svg>\n\t\t<\/button><\/figure>\n<\/div><\/div>","protected":false},"excerpt":{"rendered":"<p>Viticulture Biodynamic agriculture and the vigneron's work The great wines are made in the Muchada-L\u00e9clapart vineyard are proudly vignerons, winegrowers based on traditional know-how and understanding of the rhythms of the soil and the vineyard. They work all their vineyards in biodynamic agriculture and [...]<\/p>","protected":false},"author":1,"featured_media":0,"parent":53,"menu_order":0,"comment_status":"closed","ping_status":"closed","template":"","meta":{"_uag_custom_page_level_css":"","site-sidebar-layout":"default","site-content-layout":"","ast-site-content-layout":"default","site-content-style":"default","site-sidebar-style":"default","ast-global-header-display":"","ast-banner-title-visibility":"","ast-main-header-display":"","ast-hfb-above-header-display":"","ast-hfb-below-header-display":"","ast-hfb-mobile-header-display":"","site-post-title":"disabled","ast-breadcrumbs-content":"","ast-featured-img":"","footer-sml-layout":"","ast-disable-related-posts":"","theme-transparent-header-meta":"","adv-header-id-meta":"","stick-header-meta":"","header-above-stick-meta":"","header-main-stick-meta":"","header-below-stick-meta":"","astra-migrate-meta-layouts":"default","ast-page-background-enabled":"default","ast-page-background-meta":{"desktop":{"background-color":"var(--ast-global-color-5)","background-image":"","background-repeat":"repeat","background-position":"center center","background-size":"auto","background-attachment":"scroll","background-type":"","background-media":"","overlay-type":"","overlay-color":"","overlay-opacity":"","overlay-gradient":""},"tablet":{"background-color":"","background-image":"","background-repeat":"repeat","background-position":"center center","background-size":"auto","background-attachment":"scroll","background-type":"","background-media":"","overlay-type":"","overlay-color":"","overlay-opacity":"","overlay-gradient":""},"mobile":{"background-color":"","background-image":"","background-repeat":"repeat","background-position":"center center","background-size":"auto","background-attachment":"scroll","background-type":"","background-media":"","overlay-type":"","overlay-color":"","overlay-opacity":"","overlay-gradient":""}},"ast-content-background-meta":{"desktop":{"background-color":"var(--ast-global-color-4)","background-image":"","background-repeat":"repeat","background-position":"center center","background-size":"auto","background-attachment":"scroll","background-type":"","background-media":"","overlay-type":"","overlay-color":"","overlay-opacity":"","overlay-gradient":""},"tablet":{"background-color":"var(--ast-global-color-4)","background-image":"","background-repeat":"repeat","background-position":"center center","background-size":"auto","background-attachment":"scroll","background-type":"","background-media":"","overlay-type":"","overlay-color":"","overlay-opacity":"","overlay-gradient":""},"mobile":{"background-color":"var(--ast-global-color-4)","background-image":"","background-repeat":"repeat","background-position":"center center","background-size":"auto","background-attachment":"scroll","background-type":"","background-media":"","overlay-type":"","overlay-color":"","overlay-opacity":"","overlay-gradient":""}},"footnotes":""},"class_list":["post-58","page","type-page","status-publish","hentry"],"yoast_head":"<!-- This site is optimized with the Yoast SEO plugin v27.4 - https:\/\/yoast.com\/product\/yoast-seo-wordpress\/ -->\n<title>Viticultura - Muchada-L\u00e9clapart<\/title>\n<meta name=\"robots\" content=\"index, follow, max-snippet:-1, max-image-preview:large, max-video-preview:-1\" \/>\n<link rel=\"canonical\" href=\"https:\/\/muchada-leclapart.com\/en\/we\/viticulture\/\" \/>\n<meta property=\"og:locale\" content=\"en_GB\" \/>\n<meta property=\"og:type\" content=\"article\" \/>\n<meta property=\"og:title\" content=\"Viticultura - Muchada-L\u00e9clapart\" \/>\n<meta property=\"og:description\" content=\"La Viticultura Agricultura biodin\u00e1mica y el hacer de vigneron Los grandes vinos se hacen en el vi\u00f1edo Muchada-L\u00e9clapart son orgullosamente vignerons, viticultores basados en el buen hacer tradicional y en la comprensi\u00f3n de los ritmos del suelo y de la vi\u00f1a. Trabajan todas sus vi\u00f1as en agricultura biodin\u00e1mica y [&hellip;]\" \/>\n<meta property=\"og:url\" content=\"https:\/\/muchada-leclapart.com\/en\/we\/viticulture\/\" \/>\n<meta property=\"og:site_name\" content=\"Muchada-L\u00e9clapart\" \/>\n<meta property=\"article:modified_time\" content=\"2025-12-05T10:58:28+00:00\" \/>\n<meta property=\"og:image\" content=\"https:\/\/muchada-leclapart.com\/wp-content\/uploads\/Copia-de-Muchada_Leclapart_03.webp\" \/>\n<meta name=\"twitter:card\" content=\"summary_large_image\" \/>\n<meta name=\"twitter:label1\" content=\"Estimated reading time\" \/>\n\t<meta name=\"twitter:data1\" content=\"1 minute\" \/>\n<script type=\"application\/ld+json\" class=\"yoast-schema-graph\">{\"@context\":\"https:\\\/\\\/schema.org\",\"@graph\":[{\"@type\":\"WebPage\",\"@id\":\"https:\\\/\\\/muchada-leclapart.com\\\/nosotros\\\/viticultura\\\/\",\"url\":\"https:\\\/\\\/muchada-leclapart.com\\\/nosotros\\\/viticultura\\\/\",\"name\":\"Viticultura - Muchada-L\u00e9clapart\",\"isPartOf\":{\"@id\":\"https:\\\/\\\/muchada-leclapart.com\\\/#website\"},\"primaryImageOfPage\":{\"@id\":\"https:\\\/\\\/muchada-leclapart.com\\\/nosotros\\\/viticultura\\\/#primaryimage\"},\"image\":{\"@id\":\"https:\\\/\\\/muchada-leclapart.com\\\/nosotros\\\/viticultura\\\/#primaryimage\"},\"thumbnailUrl\":\"https:\\\/\\\/muchada-leclapart.com\\\/wp-content\\\/uploads\\\/Copia-de-Muchada_Leclapart_03.webp\",\"datePublished\":\"2025-11-23T11:48:56+00:00\",\"dateModified\":\"2025-12-05T10:58:28+00:00\",\"breadcrumb\":{\"@id\":\"https:\\\/\\\/muchada-leclapart.com\\\/nosotros\\\/viticultura\\\/#breadcrumb\"},\"inLanguage\":\"en-GB\",\"potentialAction\":[{\"@type\":\"ReadAction\",\"target\":[\"https:\\\/\\\/muchada-leclapart.com\\\/nosotros\\\/viticultura\\\/\"]}]},{\"@type\":\"ImageObject\",\"inLanguage\":\"en-GB\",\"@id\":\"https:\\\/\\\/muchada-leclapart.com\\\/nosotros\\\/viticultura\\\/#primaryimage\",\"url\":\"https:\\\/\\\/muchada-leclapart.com\\\/wp-content\\\/uploads\\\/Copia-de-Muchada_Leclapart_03.webp\",\"contentUrl\":\"https:\\\/\\\/muchada-leclapart.com\\\/wp-content\\\/uploads\\\/Copia-de-Muchada_Leclapart_03.webp\"},{\"@type\":\"BreadcrumbList\",\"@id\":\"https:\\\/\\\/muchada-leclapart.com\\\/nosotros\\\/viticultura\\\/#breadcrumb\",\"itemListElement\":[{\"@type\":\"ListItem\",\"position\":1,\"name\":\"Portada\",\"item\":\"https:\\\/\\\/muchada-leclapart.com\\\/\"},{\"@type\":\"ListItem\",\"position\":2,\"name\":\"Nosotros\",\"item\":\"https:\\\/\\\/muchada-leclapart.com\\\/nosotros\\\/\"},{\"@type\":\"ListItem\",\"position\":3,\"name\":\"Viticultura\"}]},{\"@type\":\"WebSite\",\"@id\":\"https:\\\/\\\/muchada-leclapart.com\\\/#website\",\"url\":\"https:\\\/\\\/muchada-leclapart.com\\\/\",\"name\":\"Muchada-L\u00e9clapart\",\"description\":\"Salud Amigos!\",\"publisher\":{\"@id\":\"https:\\\/\\\/muchada-leclapart.com\\\/#organization\"},\"potentialAction\":[{\"@type\":\"SearchAction\",\"target\":{\"@type\":\"EntryPoint\",\"urlTemplate\":\"https:\\\/\\\/muchada-leclapart.com\\\/?s={search_term_string}\"},\"query-input\":{\"@type\":\"PropertyValueSpecification\",\"valueRequired\":true,\"valueName\":\"search_term_string\"}}],\"inLanguage\":\"en-GB\"},{\"@type\":\"Organization\",\"@id\":\"https:\\\/\\\/muchada-leclapart.com\\\/#organization\",\"name\":\"Muchada-L\u00e9clapart\",\"url\":\"https:\\\/\\\/muchada-leclapart.com\\\/\",\"logo\":{\"@type\":\"ImageObject\",\"inLanguage\":\"en-GB\",\"@id\":\"https:\\\/\\\/muchada-leclapart.com\\\/#\\\/schema\\\/logo\\\/image\\\/\",\"url\":\"https:\\\/\\\/muchada-leclapart.com\\\/wp-content\\\/uploads\\\/muchada-leclapart_logo_menu-blanco.svg\",\"contentUrl\":\"https:\\\/\\\/muchada-leclapart.com\\\/wp-content\\\/uploads\\\/muchada-leclapart_logo_menu-blanco.svg\",\"caption\":\"Muchada-L\u00e9clapart\"},\"image\":{\"@id\":\"https:\\\/\\\/muchada-leclapart.com\\\/#\\\/schema\\\/logo\\\/image\\\/\"}}]}<\/script>\n<!-- \/ Yoast SEO plugin. -->","yoast_head_json":{"title":"Viticulture - Muchada-L\u00e9clapart","robots":{"index":"index","follow":"follow","max-snippet":"max-snippet:-1","max-image-preview":"max-image-preview:large","max-video-preview":"max-video-preview:-1"},"canonical":"https:\/\/muchada-leclapart.com\/en\/we\/viticulture\/","og_locale":"en_GB","og_type":"article","og_title":"Viticultura - Muchada-L\u00e9clapart","og_description":"La Viticultura Agricultura biodin\u00e1mica y el hacer de vigneron Los grandes vinos se hacen en el vi\u00f1edo Muchada-L\u00e9clapart son orgullosamente vignerons, viticultores basados en el buen hacer tradicional y en la comprensi\u00f3n de los ritmos del suelo y de la vi\u00f1a. Trabajan todas sus vi\u00f1as en agricultura biodin\u00e1mica y [&hellip;]","og_url":"https:\/\/muchada-leclapart.com\/en\/we\/viticulture\/","og_site_name":"Muchada-L\u00e9clapart","article_modified_time":"2025-12-05T10:58:28+00:00","og_image":[{"url":"https:\/\/muchada-leclapart.com\/wp-content\/uploads\/Copia-de-Muchada_Leclapart_03.webp","type":"","width":"","height":""}],"twitter_card":"summary_large_image","twitter_misc":{"Estimated reading time":"1 minute"},"schema":{"@context":"https:\/\/schema.org","@graph":[{"@type":"WebPage","@id":"https:\/\/muchada-leclapart.com\/nosotros\/viticultura\/","url":"https:\/\/muchada-leclapart.com\/nosotros\/viticultura\/","name":"Viticulture - Muchada-L\u00e9clapart","isPartOf":{"@id":"https:\/\/muchada-leclapart.com\/#website"},"primaryImageOfPage":{"@id":"https:\/\/muchada-leclapart.com\/nosotros\/viticultura\/#primaryimage"},"image":{"@id":"https:\/\/muchada-leclapart.com\/nosotros\/viticultura\/#primaryimage"},"thumbnailUrl":"https:\/\/muchada-leclapart.com\/wp-content\/uploads\/Copia-de-Muchada_Leclapart_03.webp","datePublished":"2025-11-23T11:48:56+00:00","dateModified":"2025-12-05T10:58:28+00:00","breadcrumb":{"@id":"https:\/\/muchada-leclapart.com\/nosotros\/viticultura\/#breadcrumb"},"inLanguage":"en-GB","potentialAction":[{"@type":"ReadAction","target":["https:\/\/muchada-leclapart.com\/nosotros\/viticultura\/"]}]},{"@type":"ImageObject","inLanguage":"en-GB","@id":"https:\/\/muchada-leclapart.com\/nosotros\/viticultura\/#primaryimage","url":"https:\/\/muchada-leclapart.com\/wp-content\/uploads\/Copia-de-Muchada_Leclapart_03.webp","contentUrl":"https:\/\/muchada-leclapart.com\/wp-content\/uploads\/Copia-de-Muchada_Leclapart_03.webp"},{"@type":"BreadcrumbList","@id":"https:\/\/muchada-leclapart.com\/nosotros\/viticultura\/#breadcrumb","itemListElement":[{"@type":"ListItem","position":1,"name":"Portada","item":"https:\/\/muchada-leclapart.com\/"},{"@type":"ListItem","position":2,"name":"Nosotros","item":"https:\/\/muchada-leclapart.com\/nosotros\/"},{"@type":"ListItem","position":3,"name":"Viticultura"}]},{"@type":"WebSite","@id":"https:\/\/muchada-leclapart.com\/#website","url":"https:\/\/muchada-leclapart.com\/","name":"Muchada-L\u00e9clapart","description":"Cheers Friends!","publisher":{"@id":"https:\/\/muchada-leclapart.com\/#organization"},"potentialAction":[{"@type":"SearchAction","target":{"@type":"EntryPoint","urlTemplate":"https:\/\/muchada-leclapart.com\/?s={search_term_string}"},"query-input":{"@type":"PropertyValueSpecification","valueRequired":true,"valueName":"search_term_string"}}],"inLanguage":"en-GB"},{"@type":"Organization","@id":"https:\/\/muchada-leclapart.com\/#organization","name":"Muchada-L\u00e9clapart","url":"https:\/\/muchada-leclapart.com\/","logo":{"@type":"ImageObject","inLanguage":"en-GB","@id":"https:\/\/muchada-leclapart.com\/#\/schema\/logo\/image\/","url":"https:\/\/muchada-leclapart.com\/wp-content\/uploads\/muchada-leclapart_logo_menu-blanco.svg","contentUrl":"https:\/\/muchada-leclapart.com\/wp-content\/uploads\/muchada-leclapart_logo_menu-blanco.svg","caption":"Muchada-L\u00e9clapart"},"image":{"@id":"https:\/\/muchada-leclapart.com\/#\/schema\/logo\/image\/"}}]}},"_hostinger_reach_plugin_has_subscription_block":false,"_hostinger_reach_plugin_is_elementor":false,"uagb_featured_image_src":{"full":false,"thumbnail":false,"medium":false,"medium_large":false,"large":false,"1536x1536":false,"2048x2048":false,"trp-custom-language-flag":false,"woocommerce_thumbnail":false,"woocommerce_single":false,"woocommerce_gallery_thumbnail":false},"uagb_author_info":{"display_name":"Francisco Jos\u00e9 GONZ\u00c1LEZ PAV\u00d3N","author_link":"https:\/\/muchada-leclapart.com\/en\/author\/kikopavongmail-com\/"},"uagb_comment_info":0,"uagb_excerpt":"La Viticultura Agricultura biodin\u00e1mica y el hacer de vigneron Los grandes vinos se hacen en el vi\u00f1edo Muchada-L\u00e9clapart son orgullosamente vignerons, viticultores basados en el buen hacer tradicional y en la comprensi\u00f3n de los ritmos del suelo y de la vi\u00f1a. Trabajan todas sus vi\u00f1as en agricultura biodin\u00e1mica y [&hellip;]","_links":{"self":[{"href":"https:\/\/muchada-leclapart.com\/en\/wp-json\/wp\/v2\/pages\/58","targetHints":{"allow":["GET"]}}],"collection":[{"href":"https:\/\/muchada-leclapart.com\/en\/wp-json\/wp\/v2\/pages"}],"about":[{"href":"https:\/\/muchada-leclapart.com\/en\/wp-json\/wp\/v2\/types\/page"}],"author":[{"embeddable":true,"href":"https:\/\/muchada-leclapart.com\/en\/wp-json\/wp\/v2\/users\/1"}],"replies":[{"embeddable":true,"href":"https:\/\/muchada-leclapart.com\/en\/wp-json\/wp\/v2\/comments?post=58"}],"version-history":[{"count":7,"href":"https:\/\/muchada-leclapart.com\/en\/wp-json\/wp\/v2\/pages\/58\/revisions"}],"predecessor-version":[{"id":213381,"href":"https:\/\/muchada-leclapart.com\/en\/wp-json\/wp\/v2\/pages\/58\/revisions\/213381"}],"up":[{"embeddable":true,"href":"https:\/\/muchada-leclapart.com\/en\/wp-json\/wp\/v2\/pages\/53"}],"wp:attachment":[{"href":"https:\/\/muchada-leclapart.com\/en\/wp-json\/wp\/v2\/media?parent=58"}],"curies":[{"name":"wp","href":"https:\/\/api.w.org\/{rel}","templated":true}]}}