{"id":55,"date":"2025-11-23T11:45:03","date_gmt":"2025-11-23T11:45:03","guid":{"rendered":"https:\/\/muchada-leclapart.com\/?page_id=55"},"modified":"2025-12-05T10:41:25","modified_gmt":"2025-12-05T10:41:25","slug":"plots","status":"publish","type":"page","link":"https:\/\/muchada-leclapart.com\/en\/we\/plots\/","title":{"rendered":"Plots"},"content":{"rendered":"<div class=\"wp-block-uagb-container uagb-block-840fe8e7 alignfull uagb-is-root-container\"><div class=\"uagb-container-inner-blocks-wrap\">\n<div class=\"wp-block-uagb-advanced-heading uagb-block-8ab73dad\"><h1 class=\"uagb-heading-text\">The Plots<\/h1><p class=\"uagb-desc-text\">La Platera, Miraflores Baja, Miraflores Alta and Camino del Puerto<\/p><\/div>\n<\/div><\/div>\n\n\n\n<div class=\"wp-block-uagb-container uagb-block-789dc00f alignfull uagb-is-root-container\"><div class=\"uagb-container-inner-blocks-wrap\">\n<h2 class=\"wp-block-heading\">We look for the best raw materials, as a way to achieve the highest quality.<\/h2>\n\n\n\n<figure data-wp-context=\"{&quot;imageId&quot;:&quot;69fb2ff3189bc&quot;}\" data-wp-interactive=\"core\/image\" data-wp-key=\"69fb2ff3189bc\" class=\"wp-block-image size-full wp-lightbox-container\"><img decoding=\"async\" data-wp-class--hide=\"state.isContentHidden\" data-wp-class--show=\"state.isContentVisible\" data-wp-init=\"callbacks.setButtonStyles\" data-wp-on--click=\"actions.showLightbox\" data-wp-on--load=\"callbacks.setButtonStyles\" data-wp-on-window--resize=\"callbacks.setButtonStyles\" src=\"https:\/\/muchada-leclapart.com\/wp-content\/uploads\/Acuarela-Parcelas-e1764931007179.webp\" alt=\"\"\/><button\n\t\t\tclass=\"lightbox-trigger\"\n\t\t\ttype=\"button\"\n\t\t\taria-haspopup=\"dialog\"\n\t\t\taria-label=\"Enlarge\"\n\t\t\tdata-wp-init=\"callbacks.initTriggerButton\"\n\t\t\tdata-wp-on--click=\"actions.showLightbox\"\n\t\t\tdata-wp-style--right=\"state.imageButtonRight\"\n\t\t\tdata-wp-style--top=\"state.imageButtonTop\"\n\t\t>\n\t\t\t<svg xmlns=\"http:\/\/www.w3.org\/2000\/svg\" width=\"12\" height=\"12\" fill=\"none\" viewbox=\"0 0 12 12\">\n\t\t\t\t<path fill=\"#fff\" d=\"M2 0a2 2 0 0 0-2 2v2h1.5V2a.5.5 0 0 1 .5-.5h2V0H2Zm2 10.5H2a.5.5 0 0 1-.5-.5V8H0v2a2 2 0 0 0 2 2h2v-1.5ZM8 12v-1.5h2a.5.5 0 0 0 .5-.5V8H12v2a2 2 0 0 1-2 2H8Zm2-12a2 2 0 0 1 2 2v2h-1.5V2a.5.5 0 0 0-.5-.5H8V0h2Z\" \/>\n\t\t\t<\/svg>\n\t\t<\/button><\/figure>\n\n\n\n<p>Muchada-L\u00e9clapart only makes wine with grapes from their own vineyards, which they tend themselves. <strong>All their wines are plots of land and in no case come from grapes from other winegrowers.<\/strong>. They follow the maxim that <strong>\u201cgreat wines are made in the vineyard\u201d. <\/strong>That is why the work of Alejandro, David and their small team focuses mainly on the care of the vineyard.<\/p>\n\n\n\n<p>The plots are located in <strong>Sanl\u00facar de Barrameda <\/strong>and in<strong> Chipiona<\/strong> in the vineyards closest to the Atlantic Ocean and facing west, in the coolness of the sea breeze, which allows us to work with a balanced maturation without a high alcoholic content; ideal for making a dry white wine with a natural alcohol content.<\/p>\n\n\n\n<p><strong>Its four hectares are divided into four different plots: La Platera, Miraflores Baja, Miraflores Alta and Camino del Puerto.<\/strong><\/p>\n<\/div><\/div>\n\n\n\n<div class=\"wp-block-uagb-container uagb-block-c332d9e7 alignfull uagb-is-root-container\"><div class=\"uagb-container-inner-blocks-wrap\">\n<div class=\"wp-block-uagb-container uagb-block-2d75b1c2\">\n<div class=\"wp-block-uagb-image uagb-block-68b6a284 wp-block-uagb-image--layout-default wp-block-uagb-image--effect-static wp-block-uagb-image--align-none\"><figure class=\"wp-block-uagb-image__figure\"><img decoding=\"async\" srcset=\"https:\/\/muchada-leclapart.com\/wp-content\/uploads\/La-Platera-muchada-leclapart-1024x720.webp ,https:\/\/muchada-leclapart.com\/wp-content\/uploads\/La-Platera-muchada-leclapart.webp 780w, https:\/\/muchada-leclapart.com\/wp-content\/uploads\/La-Platera-muchada-leclapart.webp 360w\" sizes=\"auto, (max-width: 480px) 150px\" src=\"https:\/\/muchada-leclapart.com\/wp-content\/uploads\/La-Platera-muchada-leclapart-1024x720.webp\" alt=\"\" class=\"uag-image-213376\" width=\"1024\" height=\"720\" title=\"La-Platera-muchada-leclapart\" loading=\"lazy\" role=\"img\"\/><\/figure><\/div>\n<\/div>\n\n\n\n<div class=\"wp-block-uagb-container uagb-block-99af6ddc\">\n<div class=\"wp-block-uagb-advanced-heading uagb-block-48f0cddd\"><h2 class=\"uagb-heading-text\">La Platera (1.7 hectares)<\/h2><div class=\"uagb-separator\"><\/div><p class=\"uagb-desc-text\">It is located in the <strong>Miraflores Payment<\/strong> (Sanl\u00facar de Barrameda), in the area of Miraflores Baja. It has 0.4 hectares of young Palomino california vineyard planted in 2003 and 1.2 hectares of old vineyard of old Palomino masal selection from 2003. <strong>1956<\/strong>. <strong>Its soils are calcareous soils of coarse albariza located at a depth of 2 metres and lustrillos (calcareous-clay) on the surface.<\/strong>.<\/p><\/div>\n<\/div>\n<\/div><\/div>\n\n\n\n<div class=\"wp-block-uagb-container uagb-block-1ac8a880 alignfull uagb-is-root-container\"><div class=\"uagb-container-inner-blocks-wrap\">\n<div class=\"wp-block-uagb-container uagb-block-b0ac56eb\">\n<div class=\"wp-block-uagb-advanced-heading uagb-block-dc9373c3\"><h2 class=\"uagb-heading-text\">Miraflores Alta (0.7 hectares)<\/h2><div class=\"uagb-separator\"><\/div><p class=\"uagb-desc-text\">It is located in the <strong>Miraflores Payment<\/strong> (Sanl\u00facar de Barrameda), in the area of Miraflores Alta. This plot belonged to the Rodr\u00edguez-Lacave estate where they produced the famous manzanilla La Barbiana. It has old vineyards of Palomino massal selection, planted in the year <strong>1960<\/strong>. <strong>Its soils are calcareous soils of albariza de lentejuela located at a depth of 2.5 metres and of lustrillos (calcareous-clay) on the surface.<\/strong>.<br><\/p><\/div>\n<\/div>\n\n\n\n<div class=\"wp-block-uagb-container uagb-block-c11152fc\">\n<div class=\"wp-block-uagb-image uagb-block-b298ff40 wp-block-uagb-image--layout-default wp-block-uagb-image--effect-static wp-block-uagb-image--align-none\"><figure class=\"wp-block-uagb-image__figure\"><img decoding=\"async\" srcset=\"https:\/\/darkviolet-gull-195867.hostingersite.com\/wp-content\/uploads\/2025\/11\/Miraflores-Alta-muchadal-leclapart.webp ,https:\/\/darkviolet-gull-195867.hostingersite.com\/wp-content\/uploads\/2025\/11\/Miraflores-Alta-muchadal-leclapart.webp 780w, https:\/\/darkviolet-gull-195867.hostingersite.com\/wp-content\/uploads\/2025\/11\/Miraflores-Alta-muchadal-leclapart.webp 360w\" sizes=\"auto, (max-width: 480px) 150px\" src=\"https:\/\/darkviolet-gull-195867.hostingersite.com\/wp-content\/uploads\/2025\/11\/Miraflores-Alta-muchadal-leclapart.webp\" alt=\"\" class=\"uag-image-212843\" width=\"1024\" height=\"720\" title=\"Miraflores-Alta-muchadal-leclapart\" loading=\"lazy\" role=\"img\"\/><\/figure><\/div>\n<\/div>\n<\/div><\/div>\n\n\n\n<div class=\"wp-block-uagb-container uagb-block-c6635660 alignfull uagb-is-root-container\"><div class=\"uagb-container-inner-blocks-wrap\">\n<div class=\"wp-block-uagb-container uagb-block-8a8565a7\">\n<div class=\"wp-block-uagb-image uagb-block-76dde0c6 wp-block-uagb-image--layout-default wp-block-uagb-image--effect-static wp-block-uagb-image--align-none\"><figure class=\"wp-block-uagb-image__figure\"><img decoding=\"async\" srcset=\"https:\/\/darkviolet-gull-195867.hostingersite.com\/wp-content\/uploads\/2025\/02\/Miraflores-Baja_Horizontal.webp ,https:\/\/darkviolet-gull-195867.hostingersite.com\/wp-content\/uploads\/2025\/02\/Miraflores-Baja_Horizontal.webp 780w, https:\/\/darkviolet-gull-195867.hostingersite.com\/wp-content\/uploads\/2025\/02\/Miraflores-Baja_Horizontal.webp 360w\" sizes=\"auto, (max-width: 480px) 150px\" src=\"https:\/\/darkviolet-gull-195867.hostingersite.com\/wp-content\/uploads\/2025\/02\/Miraflores-Baja_Horizontal.webp\" alt=\"\" class=\"uag-image-212552\" width=\"1024\" height=\"720\" title=\"Miraflores Baja_Horizontal\" loading=\"lazy\" role=\"img\"\/><\/figure><\/div>\n<\/div>\n\n\n\n<div class=\"wp-block-uagb-container uagb-block-24bbd347\">\n<div class=\"wp-block-uagb-advanced-heading uagb-block-414bd396\"><h2 class=\"uagb-heading-text\">Miraflores Baja (0.9 hectares)<\/h2><div class=\"uagb-separator\"><\/div><p class=\"uagb-desc-text\">It is located in the <strong>Miraflores Payment<\/strong> (Sanl\u00facar de Barrameda) in the area of Miraflores Baja. It belonged to the historic estate that gave its name to the Pago, and which for a long time gave rise to the Manzanilla La Guita. Plot planted in the year <strong>1945 <\/strong>with replenishment by mass selection. <strong>It has calcareous soils of coarse albariza and red lustrum on the surface.<\/strong><\/p><\/div>\n<\/div>\n<\/div><\/div>\n\n\n\n<div class=\"wp-block-uagb-container uagb-block-d87705ae alignfull uagb-is-root-container\"><div class=\"uagb-container-inner-blocks-wrap\">\n<div class=\"wp-block-uagb-container uagb-block-60ed43b4\">\n<div class=\"wp-block-uagb-advanced-heading uagb-block-7edcfcab\"><h2 class=\"uagb-heading-text\">Camino del Puerto (0.9 hectares)<\/h2><div class=\"uagb-separator\"><\/div><p class=\"uagb-desc-text\">It is located in the <strong>Abulagar Payment<\/strong> (Chipiona). It features old vineyards of coarse-grained Moscatel de Chipiona planted in <strong>1979<\/strong> (with a 40% on a free foot). <strong>Its soils are mainly sandy<\/strong> and some clayey areas.<br><\/p><\/div>\n<\/div>\n\n\n\n<div class=\"wp-block-uagb-container uagb-block-0db3002d\">\n<div class=\"wp-block-uagb-image uagb-block-f541b826 wp-block-uagb-image--layout-default wp-block-uagb-image--effect-static wp-block-uagb-image--align-none\"><figure class=\"wp-block-uagb-image__figure\"><img decoding=\"async\" srcset=\"https:\/\/darkviolet-gull-195867.hostingersite.com\/wp-content\/uploads\/2020\/05\/Camino-del-puerto-muchada-leclapart-1024x729.jpeg ,https:\/\/darkviolet-gull-195867.hostingersite.com\/wp-content\/uploads\/2020\/05\/Camino-del-puerto-muchada-leclapart.jpeg 780w, https:\/\/darkviolet-gull-195867.hostingersite.com\/wp-content\/uploads\/2020\/05\/Camino-del-puerto-muchada-leclapart.jpeg 360w\" sizes=\"auto, (max-width: 480px) 150px\" src=\"https:\/\/darkviolet-gull-195867.hostingersite.com\/wp-content\/uploads\/2020\/05\/Camino-del-puerto-muchada-leclapart-1024x729.jpeg\" alt=\"\" class=\"uag-image-208810\" width=\"1024\" height=\"729\" title=\"Camino-del-puerto-muchada-leclapart\" loading=\"lazy\" role=\"img\"\/><\/figure><\/div>\n<\/div>\n<\/div><\/div>","protected":false},"excerpt":{"rendered":"<p>Las Parcelas La Platera, Miraflores Baja, Miraflores Alta and Camino del Puerto We seek the best raw material, as a way to achieve the highest quality. Muchada-L\u00e9clapart only makes wine with grapes from their own vineyards, cared for by themselves. All their wines are plot wines and in no case come from [...]<\/p>","protected":false},"author":1,"featured_media":0,"parent":53,"menu_order":0,"comment_status":"closed","ping_status":"closed","template":"","meta":{"_uag_custom_page_level_css":"","site-sidebar-layout":"default","site-content-layout":"","ast-site-content-layout":"default","site-content-style":"default","site-sidebar-style":"default","ast-global-header-display":"","ast-banner-title-visibility":"","ast-main-header-display":"","ast-hfb-above-header-display":"","ast-hfb-below-header-display":"","ast-hfb-mobile-header-display":"","site-post-title":"disabled","ast-breadcrumbs-content":"","ast-featured-img":"","footer-sml-layout":"","ast-disable-related-posts":"","theme-transparent-header-meta":"","adv-header-id-meta":"","stick-header-meta":"","header-above-stick-meta":"","header-main-stick-meta":"","header-below-stick-meta":"","astra-migrate-meta-layouts":"default","ast-page-background-enabled":"default","ast-page-background-meta":{"desktop":{"background-color":"var(--ast-global-color-5)","background-image":"","background-repeat":"repeat","background-position":"center center","background-size":"auto","background-attachment":"scroll","background-type":"","background-media":"","overlay-type":"","overlay-color":"","overlay-opacity":"","overlay-gradient":""},"tablet":{"background-color":"","background-image":"","background-repeat":"repeat","background-position":"center center","background-size":"auto","background-attachment":"scroll","background-type":"","background-media":"","overlay-type":"","overlay-color":"","overlay-opacity":"","overlay-gradient":""},"mobile":{"background-color":"","background-image":"","background-repeat":"repeat","background-position":"center center","background-size":"auto","background-attachment":"scroll","background-type":"","background-media":"","overlay-type":"","overlay-color":"","overlay-opacity":"","overlay-gradient":""}},"ast-content-background-meta":{"desktop":{"background-color":"var(--ast-global-color-4)","background-image":"","background-repeat":"repeat","background-position":"center center","background-size":"auto","background-attachment":"scroll","background-type":"","background-media":"","overlay-type":"","overlay-color":"","overlay-opacity":"","overlay-gradient":""},"tablet":{"background-color":"var(--ast-global-color-4)","background-image":"","background-repeat":"repeat","background-position":"center center","background-size":"auto","background-attachment":"scroll","background-type":"","background-media":"","overlay-type":"","overlay-color":"","overlay-opacity":"","overlay-gradient":""},"mobile":{"background-color":"var(--ast-global-color-4)","background-image":"","background-repeat":"repeat","background-position":"center center","background-size":"auto","background-attachment":"scroll","background-type":"","background-media":"","overlay-type":"","overlay-color":"","overlay-opacity":"","overlay-gradient":""}},"footnotes":""},"class_list":["post-55","page","type-page","status-publish","hentry"],"yoast_head":"<!-- This site is optimized with the Yoast SEO plugin v27.4 - https:\/\/yoast.com\/product\/yoast-seo-wordpress\/ -->\n<title>Parcelas - Muchada-L\u00e9clapart<\/title>\n<meta name=\"robots\" content=\"index, follow, max-snippet:-1, max-image-preview:large, max-video-preview:-1\" \/>\n<link rel=\"canonical\" href=\"https:\/\/muchada-leclapart.com\/en\/we\/plots\/\" \/>\n<meta property=\"og:locale\" content=\"en_GB\" \/>\n<meta property=\"og:type\" content=\"article\" \/>\n<meta property=\"og:title\" content=\"Parcelas - Muchada-L\u00e9clapart\" \/>\n<meta property=\"og:description\" content=\"Las Parcelas La Platera, Miraflores Baja, Miraflores Alta y Camino del Puerto Buscamos la mejor materia prima, como v\u00eda para alcanzar la m\u00e1xima calidad. Muchada-L\u00e9clapart s\u00f3lo hace vino con uva procedente de sus propios vi\u00f1edos, cuidados por ellos mismos. Todos sus vinos son parcelarios y en ning\u00fan caso proceden [&hellip;]\" \/>\n<meta property=\"og:url\" content=\"https:\/\/muchada-leclapart.com\/en\/we\/plots\/\" \/>\n<meta property=\"og:site_name\" content=\"Muchada-L\u00e9clapart\" \/>\n<meta property=\"article:modified_time\" content=\"2025-12-05T10:41:25+00:00\" \/>\n<meta property=\"og:image\" content=\"https:\/\/muchada-leclapart.com\/wp-content\/uploads\/Acuarela-Parcelas-e1764931007179.webp\" \/>\n<meta name=\"twitter:card\" content=\"summary_large_image\" \/>\n<meta name=\"twitter:label1\" content=\"Estimated reading time\" \/>\n\t<meta name=\"twitter:data1\" content=\"3 minutes\" \/>\n<script type=\"application\/ld+json\" class=\"yoast-schema-graph\">{\"@context\":\"https:\\\/\\\/schema.org\",\"@graph\":[{\"@type\":\"WebPage\",\"@id\":\"https:\\\/\\\/muchada-leclapart.com\\\/nosotros\\\/parcelas\\\/\",\"url\":\"https:\\\/\\\/muchada-leclapart.com\\\/nosotros\\\/parcelas\\\/\",\"name\":\"Parcelas - Muchada-L\u00e9clapart\",\"isPartOf\":{\"@id\":\"https:\\\/\\\/muchada-leclapart.com\\\/#website\"},\"primaryImageOfPage\":{\"@id\":\"https:\\\/\\\/muchada-leclapart.com\\\/nosotros\\\/parcelas\\\/#primaryimage\"},\"image\":{\"@id\":\"https:\\\/\\\/muchada-leclapart.com\\\/nosotros\\\/parcelas\\\/#primaryimage\"},\"thumbnailUrl\":\"https:\\\/\\\/muchada-leclapart.com\\\/wp-content\\\/uploads\\\/Acuarela-Parcelas-e1764931007179.webp\",\"datePublished\":\"2025-11-23T11:45:03+00:00\",\"dateModified\":\"2025-12-05T10:41:25+00:00\",\"breadcrumb\":{\"@id\":\"https:\\\/\\\/muchada-leclapart.com\\\/nosotros\\\/parcelas\\\/#breadcrumb\"},\"inLanguage\":\"en-GB\",\"potentialAction\":[{\"@type\":\"ReadAction\",\"target\":[\"https:\\\/\\\/muchada-leclapart.com\\\/nosotros\\\/parcelas\\\/\"]}]},{\"@type\":\"ImageObject\",\"inLanguage\":\"en-GB\",\"@id\":\"https:\\\/\\\/muchada-leclapart.com\\\/nosotros\\\/parcelas\\\/#primaryimage\",\"url\":\"https:\\\/\\\/muchada-leclapart.com\\\/wp-content\\\/uploads\\\/Acuarela-Parcelas-e1764931007179.webp\",\"contentUrl\":\"https:\\\/\\\/muchada-leclapart.com\\\/wp-content\\\/uploads\\\/Acuarela-Parcelas-e1764931007179.webp\"},{\"@type\":\"BreadcrumbList\",\"@id\":\"https:\\\/\\\/muchada-leclapart.com\\\/nosotros\\\/parcelas\\\/#breadcrumb\",\"itemListElement\":[{\"@type\":\"ListItem\",\"position\":1,\"name\":\"Portada\",\"item\":\"https:\\\/\\\/muchada-leclapart.com\\\/\"},{\"@type\":\"ListItem\",\"position\":2,\"name\":\"Nosotros\",\"item\":\"https:\\\/\\\/muchada-leclapart.com\\\/nosotros\\\/\"},{\"@type\":\"ListItem\",\"position\":3,\"name\":\"Parcelas\"}]},{\"@type\":\"WebSite\",\"@id\":\"https:\\\/\\\/muchada-leclapart.com\\\/#website\",\"url\":\"https:\\\/\\\/muchada-leclapart.com\\\/\",\"name\":\"Muchada-L\u00e9clapart\",\"description\":\"Salud Amigos!\",\"publisher\":{\"@id\":\"https:\\\/\\\/muchada-leclapart.com\\\/#organization\"},\"potentialAction\":[{\"@type\":\"SearchAction\",\"target\":{\"@type\":\"EntryPoint\",\"urlTemplate\":\"https:\\\/\\\/muchada-leclapart.com\\\/?s={search_term_string}\"},\"query-input\":{\"@type\":\"PropertyValueSpecification\",\"valueRequired\":true,\"valueName\":\"search_term_string\"}}],\"inLanguage\":\"en-GB\"},{\"@type\":\"Organization\",\"@id\":\"https:\\\/\\\/muchada-leclapart.com\\\/#organization\",\"name\":\"Muchada-L\u00e9clapart\",\"url\":\"https:\\\/\\\/muchada-leclapart.com\\\/\",\"logo\":{\"@type\":\"ImageObject\",\"inLanguage\":\"en-GB\",\"@id\":\"https:\\\/\\\/muchada-leclapart.com\\\/#\\\/schema\\\/logo\\\/image\\\/\",\"url\":\"https:\\\/\\\/muchada-leclapart.com\\\/wp-content\\\/uploads\\\/muchada-leclapart_logo_menu-blanco.svg\",\"contentUrl\":\"https:\\\/\\\/muchada-leclapart.com\\\/wp-content\\\/uploads\\\/muchada-leclapart_logo_menu-blanco.svg\",\"caption\":\"Muchada-L\u00e9clapart\"},\"image\":{\"@id\":\"https:\\\/\\\/muchada-leclapart.com\\\/#\\\/schema\\\/logo\\\/image\\\/\"}}]}<\/script>\n<!-- \/ Yoast SEO plugin. -->","yoast_head_json":{"title":"Plots - Muchada-L\u00e9clapart","robots":{"index":"index","follow":"follow","max-snippet":"max-snippet:-1","max-image-preview":"max-image-preview:large","max-video-preview":"max-video-preview:-1"},"canonical":"https:\/\/muchada-leclapart.com\/en\/we\/plots\/","og_locale":"en_GB","og_type":"article","og_title":"Parcelas - Muchada-L\u00e9clapart","og_description":"Las Parcelas La Platera, Miraflores Baja, Miraflores Alta y Camino del Puerto Buscamos la mejor materia prima, como v\u00eda para alcanzar la m\u00e1xima calidad. Muchada-L\u00e9clapart s\u00f3lo hace vino con uva procedente de sus propios vi\u00f1edos, cuidados por ellos mismos. Todos sus vinos son parcelarios y en ning\u00fan caso proceden [&hellip;]","og_url":"https:\/\/muchada-leclapart.com\/en\/we\/plots\/","og_site_name":"Muchada-L\u00e9clapart","article_modified_time":"2025-12-05T10:41:25+00:00","og_image":[{"url":"https:\/\/muchada-leclapart.com\/wp-content\/uploads\/Acuarela-Parcelas-e1764931007179.webp","type":"","width":"","height":""}],"twitter_card":"summary_large_image","twitter_misc":{"Estimated reading time":"3 minutes"},"schema":{"@context":"https:\/\/schema.org","@graph":[{"@type":"WebPage","@id":"https:\/\/muchada-leclapart.com\/nosotros\/parcelas\/","url":"https:\/\/muchada-leclapart.com\/nosotros\/parcelas\/","name":"Plots - Muchada-L\u00e9clapart","isPartOf":{"@id":"https:\/\/muchada-leclapart.com\/#website"},"primaryImageOfPage":{"@id":"https:\/\/muchada-leclapart.com\/nosotros\/parcelas\/#primaryimage"},"image":{"@id":"https:\/\/muchada-leclapart.com\/nosotros\/parcelas\/#primaryimage"},"thumbnailUrl":"https:\/\/muchada-leclapart.com\/wp-content\/uploads\/Acuarela-Parcelas-e1764931007179.webp","datePublished":"2025-11-23T11:45:03+00:00","dateModified":"2025-12-05T10:41:25+00:00","breadcrumb":{"@id":"https:\/\/muchada-leclapart.com\/nosotros\/parcelas\/#breadcrumb"},"inLanguage":"en-GB","potentialAction":[{"@type":"ReadAction","target":["https:\/\/muchada-leclapart.com\/nosotros\/parcelas\/"]}]},{"@type":"ImageObject","inLanguage":"en-GB","@id":"https:\/\/muchada-leclapart.com\/nosotros\/parcelas\/#primaryimage","url":"https:\/\/muchada-leclapart.com\/wp-content\/uploads\/Acuarela-Parcelas-e1764931007179.webp","contentUrl":"https:\/\/muchada-leclapart.com\/wp-content\/uploads\/Acuarela-Parcelas-e1764931007179.webp"},{"@type":"BreadcrumbList","@id":"https:\/\/muchada-leclapart.com\/nosotros\/parcelas\/#breadcrumb","itemListElement":[{"@type":"ListItem","position":1,"name":"Portada","item":"https:\/\/muchada-leclapart.com\/"},{"@type":"ListItem","position":2,"name":"Nosotros","item":"https:\/\/muchada-leclapart.com\/nosotros\/"},{"@type":"ListItem","position":3,"name":"Parcelas"}]},{"@type":"WebSite","@id":"https:\/\/muchada-leclapart.com\/#website","url":"https:\/\/muchada-leclapart.com\/","name":"Muchada-L\u00e9clapart","description":"Cheers Friends!","publisher":{"@id":"https:\/\/muchada-leclapart.com\/#organization"},"potentialAction":[{"@type":"SearchAction","target":{"@type":"EntryPoint","urlTemplate":"https:\/\/muchada-leclapart.com\/?s={search_term_string}"},"query-input":{"@type":"PropertyValueSpecification","valueRequired":true,"valueName":"search_term_string"}}],"inLanguage":"en-GB"},{"@type":"Organization","@id":"https:\/\/muchada-leclapart.com\/#organization","name":"Muchada-L\u00e9clapart","url":"https:\/\/muchada-leclapart.com\/","logo":{"@type":"ImageObject","inLanguage":"en-GB","@id":"https:\/\/muchada-leclapart.com\/#\/schema\/logo\/image\/","url":"https:\/\/muchada-leclapart.com\/wp-content\/uploads\/muchada-leclapart_logo_menu-blanco.svg","contentUrl":"https:\/\/muchada-leclapart.com\/wp-content\/uploads\/muchada-leclapart_logo_menu-blanco.svg","caption":"Muchada-L\u00e9clapart"},"image":{"@id":"https:\/\/muchada-leclapart.com\/#\/schema\/logo\/image\/"}}]}},"_hostinger_reach_plugin_has_subscription_block":false,"_hostinger_reach_plugin_is_elementor":false,"uagb_featured_image_src":{"full":false,"thumbnail":false,"medium":false,"medium_large":false,"large":false,"1536x1536":false,"2048x2048":false,"trp-custom-language-flag":false,"woocommerce_thumbnail":false,"woocommerce_single":false,"woocommerce_gallery_thumbnail":false},"uagb_author_info":{"display_name":"Francisco Jos\u00e9 GONZ\u00c1LEZ PAV\u00d3N","author_link":"https:\/\/muchada-leclapart.com\/en\/author\/kikopavongmail-com\/"},"uagb_comment_info":0,"uagb_excerpt":"Las Parcelas La Platera, Miraflores Baja, Miraflores Alta y Camino del Puerto Buscamos la mejor materia prima, como v\u00eda para alcanzar la m\u00e1xima calidad. Muchada-L\u00e9clapart s\u00f3lo hace vino con uva procedente de sus propios vi\u00f1edos, cuidados por ellos mismos. Todos sus vinos son parcelarios y en ning\u00fan caso proceden [&hellip;]","_links":{"self":[{"href":"https:\/\/muchada-leclapart.com\/en\/wp-json\/wp\/v2\/pages\/55","targetHints":{"allow":["GET"]}}],"collection":[{"href":"https:\/\/muchada-leclapart.com\/en\/wp-json\/wp\/v2\/pages"}],"about":[{"href":"https:\/\/muchada-leclapart.com\/en\/wp-json\/wp\/v2\/types\/page"}],"author":[{"embeddable":true,"href":"https:\/\/muchada-leclapart.com\/en\/wp-json\/wp\/v2\/users\/1"}],"replies":[{"embeddable":true,"href":"https:\/\/muchada-leclapart.com\/en\/wp-json\/wp\/v2\/comments?post=55"}],"version-history":[{"count":7,"href":"https:\/\/muchada-leclapart.com\/en\/wp-json\/wp\/v2\/pages\/55\/revisions"}],"predecessor-version":[{"id":213378,"href":"https:\/\/muchada-leclapart.com\/en\/wp-json\/wp\/v2\/pages\/55\/revisions\/213378"}],"up":[{"embeddable":true,"href":"https:\/\/muchada-leclapart.com\/en\/wp-json\/wp\/v2\/pages\/53"}],"wp:attachment":[{"href":"https:\/\/muchada-leclapart.com\/en\/wp-json\/wp\/v2\/media?parent=55"}],"curies":[{"name":"wp","href":"https:\/\/api.w.org\/{rel}","templated":true}]}}