{"id":53,"date":"2025-11-23T11:43:11","date_gmt":"2025-11-23T11:43:11","guid":{"rendered":"https:\/\/muchada-leclapart.com\/?page_id=53"},"modified":"2025-12-05T10:35:06","modified_gmt":"2025-12-05T10:35:06","slug":"we","status":"publish","type":"page","link":"https:\/\/muchada-leclapart.com\/en\/we\/","title":{"rendered":"We"},"content":{"rendered":"<div class=\"wp-block-uagb-container uagb-block-840fe8e7 alignfull uagb-is-root-container\"><div class=\"uagb-container-inner-blocks-wrap\">\n<div class=\"wp-block-uagb-advanced-heading uagb-block-8ab73dad\"><h1 class=\"uagb-heading-text\">Muchada-L\u00e9clapart<\/h1><p class=\"uagb-desc-text\">The vignerons of Sanl\u00facar de Barrameda<\/p><\/div>\n<\/div><\/div>\n\n\n\n<p><strong>The soul of the region: the palomino grape and the albariza soils in their purest state.<\/strong><\/p>\n\n\n\n<p>Muchada-L\u00e9clapart is the project of David L\u00e9clapart and Alejandro Muchada in the Marco de Jerez, a historic wine region on the Atlantic coast of Andalusia. As artisan wine vignerons <strong>have full confidence in the respectful work of the vineyard<\/strong>. Since 2011, when they met for the first time, they have shared a common concern for biodynamic viticulture, for the promotion of living soils and for the transcendence of agriculture and wine.<\/p>\n\n\n\n<p>The key is to look for <strong>the best raw material<\/strong> (with the selection of its plots of albariza and old palomino land), <strong>find its most delicate expression<\/strong> (with its biodynamic viticulture) and <strong>to preserve that value<\/strong> in the winery (with minimum intervention techniques).<\/p>\n\n\n\n<p>They have succeeded in creating a great white wine, <strong>without flowering veil and without fortifying<\/strong>, based on respect and care for the soul of Jerez: the land of Albariza and the Palomino grape.<\/p>\n\n\n\n<p>Located in the best lands of <strong>vineyards of Sanl\u00facar de Barrameda, in the historic Pago Miraflores<\/strong>, Taking advantage of the cool climate of the Atlantic Ocean, they have recovered four hectares of mostly old vineyards of old palomino fino and muscatel de Chipiona.<\/p>\n\n\n\n<p>To make the wines they use techniques <strong>minimum intervention: they add the minimum sulphur content<\/strong> (only 10% of the usual), they do not use selected yeasts or acids to rectify the acidity, they keep the lees and bottle without filtering. Overcoming the risks, with a delicate and careful work, the result they achieve is sublime: <strong>a dry, saline and mineral white wine<\/strong>, with subtle aromas, long on the palate, and absolutely gastronomic.<\/p>\n\n\n\n<figure data-wp-context=\"{&quot;imageId&quot;:&quot;69fb2fd21bdb4&quot;}\" data-wp-interactive=\"core\/image\" data-wp-key=\"69fb2fd21bdb4\" class=\"wp-block-image size-full has-custom-border wp-lightbox-container\"><img loading=\"lazy\" decoding=\"async\" width=\"960\" height=\"582\" data-wp-class--hide=\"state.isContentHidden\" data-wp-class--show=\"state.isContentVisible\" data-wp-init=\"callbacks.setButtonStyles\" data-wp-on--click=\"actions.showLightbox\" data-wp-on--load=\"callbacks.setButtonStyles\" data-wp-on-window--resize=\"callbacks.setButtonStyles\" src=\"https:\/\/muchada-leclapart.com\/wp-content\/uploads\/muchada-leclapart-nosotros.webp\" alt=\"\" class=\"wp-image-213368\" style=\"border-style:none;border-width:0px;object-fit:cover\" srcset=\"https:\/\/muchada-leclapart.com\/wp-content\/uploads\/muchada-leclapart-nosotros.webp 960w, https:\/\/muchada-leclapart.com\/wp-content\/uploads\/muchada-leclapart-nosotros-800x485.webp 800w, https:\/\/muchada-leclapart.com\/wp-content\/uploads\/muchada-leclapart-nosotros-300x182.webp 300w, https:\/\/muchada-leclapart.com\/wp-content\/uploads\/muchada-leclapart-nosotros-768x466.webp 768w, https:\/\/muchada-leclapart.com\/wp-content\/uploads\/muchada-leclapart-nosotros-18x12.webp 18w\" sizes=\"auto, (max-width: 960px) 100vw, 960px\" \/><button\n\t\t\tclass=\"lightbox-trigger\"\n\t\t\ttype=\"button\"\n\t\t\taria-haspopup=\"dialog\"\n\t\t\taria-label=\"Enlarge\"\n\t\t\tdata-wp-init=\"callbacks.initTriggerButton\"\n\t\t\tdata-wp-on--click=\"actions.showLightbox\"\n\t\t\tdata-wp-style--right=\"state.imageButtonRight\"\n\t\t\tdata-wp-style--top=\"state.imageButtonTop\"\n\t\t>\n\t\t\t<svg xmlns=\"http:\/\/www.w3.org\/2000\/svg\" width=\"12\" height=\"12\" fill=\"none\" viewbox=\"0 0 12 12\">\n\t\t\t\t<path fill=\"#fff\" d=\"M2 0a2 2 0 0 0-2 2v2h1.5V2a.5.5 0 0 1 .5-.5h2V0H2Zm2 10.5H2a.5.5 0 0 1-.5-.5V8H0v2a2 2 0 0 0 2 2h2v-1.5ZM8 12v-1.5h2a.5.5 0 0 0 .5-.5V8H12v2a2 2 0 0 1-2 2H8Zm2-12a2 2 0 0 1 2 2v2h-1.5V2a.5.5 0 0 0-.5-.5H8V0h2Z\" \/>\n\t\t\t<\/svg>\n\t\t<\/button><\/figure>\n\n\n\n<div class=\"wp-block-uagb-container uagb-block-15f051ae alignfull uagb-is-root-container\"><div class=\"uagb-container-inner-blocks-wrap\">\n<div class=\"wp-block-uagb-container uagb-block-a9261d5b\">\n<div class=\"wp-block-uagb-advanced-heading uagb-block-fdae918a\"><h2 class=\"uagb-heading-text\">Our Processes<\/h2><\/div>\n<\/div>\n\n\n\n<div class=\"wp-block-uagb-container uagb-block-fba10833\">\n<div class=\"wp-block-uagb-container uagb-block-c245b4b4\">\n<div class=\"wp-block-uagb-advanced-heading uagb-block-961d8225\"><h3 class=\"uagb-heading-text\">Plots<\/h3><\/div>\n\n\n\n<div class=\"wp-block-uagb-buttons uagb-buttons__outer-wrap uagb-btn__default-btn uagb-btn-tablet__default-btn uagb-btn-mobile__default-btn uagb-block-1d22ffed\"><div class=\"uagb-buttons__wrap uagb-buttons-layout-wrap\">\n<div class=\"wp-block-uagb-buttons-child uagb-buttons__outer-wrap uagb-block-1ddb6f00 wp-block-button\"><div class=\"uagb-button__wrapper\"><a class=\"uagb-buttons-repeater wp-block-button__link\" aria-label=\"\" href=\"https:\/\/muchada-leclapart.com\/en\/we\/plots\/\" rel=\"follow noopener\" target=\"_self\" role=\"button\"><div class=\"uagb-button__link\">See more<\/div><\/a><\/div><\/div>\n<\/div><\/div>\n<\/div>\n\n\n\n<div class=\"wp-block-uagb-container uagb-block-af4ab189\">\n<div class=\"wp-block-uagb-advanced-heading uagb-block-c3776f78\"><h3 class=\"uagb-heading-text\">Viticulture<\/h3><\/div>\n\n\n\n<div class=\"wp-block-uagb-buttons uagb-buttons__outer-wrap uagb-btn__default-btn uagb-btn-tablet__default-btn uagb-btn-mobile__default-btn uagb-block-f0b32be4\"><div class=\"uagb-buttons__wrap uagb-buttons-layout-wrap\">\n<div class=\"wp-block-uagb-buttons-child uagb-buttons__outer-wrap uagb-block-de714e90 wp-block-button\"><div class=\"uagb-button__wrapper\"><a class=\"uagb-buttons-repeater wp-block-button__link\" aria-label=\"\" href=\"https:\/\/muchada-leclapart.com\/en\/we\/winemaking\/\" rel=\"follow noopener\" target=\"_self\" role=\"button\"><div class=\"uagb-button__link\">See more<\/div><\/a><\/div><\/div>\n<\/div><\/div>\n<\/div>\n\n\n\n<div class=\"wp-block-uagb-container uagb-block-975e3cc6\">\n<div class=\"wp-block-uagb-advanced-heading uagb-block-3005f240\"><h3 class=\"uagb-heading-text\">Winemaking<\/h3><\/div>\n\n\n\n<div class=\"wp-block-uagb-buttons uagb-buttons__outer-wrap uagb-btn__default-btn uagb-btn-tablet__default-btn uagb-btn-mobile__default-btn uagb-block-dedce691\"><div class=\"uagb-buttons__wrap uagb-buttons-layout-wrap\">\n<div class=\"wp-block-uagb-buttons-child uagb-buttons__outer-wrap uagb-block-6ddfacfe wp-block-button\"><div class=\"uagb-button__wrapper\"><a class=\"uagb-buttons-repeater wp-block-button__link\" aria-label=\"\" href=\"#\" rel=\"follow noopener\" target=\"_self\" role=\"button\"><div class=\"uagb-button__link\">See more<\/div><\/a><\/div><\/div>\n<\/div><\/div>\n<\/div>\n<\/div>\n<\/div><\/div>","protected":false},"excerpt":{"rendered":"<p>Muchada-L\u00e9clapart The vignerons of Sanl\u00facar de Barrameda The soul of the region: the palomino grape and the albariza soils in their purest form. Muchada-L\u00e9clapart is the project of David L\u00e9clapart and Alejandro Muchada in the Marco de Jerez, a historic wine-growing region on the Atlantic coast of Andalusia. As [...]<\/p>","protected":false},"author":1,"featured_media":0,"parent":0,"menu_order":0,"comment_status":"closed","ping_status":"closed","template":"","meta":{"_uag_custom_page_level_css":"","site-sidebar-layout":"default","site-content-layout":"","ast-site-content-layout":"default","site-content-style":"default","site-sidebar-style":"default","ast-global-header-display":"","ast-banner-title-visibility":"","ast-main-header-display":"","ast-hfb-above-header-display":"","ast-hfb-below-header-display":"","ast-hfb-mobile-header-display":"","site-post-title":"disabled","ast-breadcrumbs-content":"","ast-featured-img":"","footer-sml-layout":"","ast-disable-related-posts":"","theme-transparent-header-meta":"","adv-header-id-meta":"","stick-header-meta":"","header-above-stick-meta":"","header-main-stick-meta":"","header-below-stick-meta":"","astra-migrate-meta-layouts":"default","ast-page-background-enabled":"default","ast-page-background-meta":{"desktop":{"background-color":"var(--ast-global-color-5)","background-image":"","background-repeat":"repeat","background-position":"center center","background-size":"auto","background-attachment":"scroll","background-type":"","background-media":"","overlay-type":"","overlay-color":"","overlay-opacity":"","overlay-gradient":""},"tablet":{"background-color":"","background-image":"","background-repeat":"repeat","background-position":"center center","background-size":"auto","background-attachment":"scroll","background-type":"","background-media":"","overlay-type":"","overlay-color":"","overlay-opacity":"","overlay-gradient":""},"mobile":{"background-color":"","background-image":"","background-repeat":"repeat","background-position":"center center","background-size":"auto","background-attachment":"scroll","background-type":"","background-media":"","overlay-type":"","overlay-color":"","overlay-opacity":"","overlay-gradient":""}},"ast-content-background-meta":{"desktop":{"background-color":"var(--ast-global-color-4)","background-image":"","background-repeat":"repeat","background-position":"center center","background-size":"auto","background-attachment":"scroll","background-type":"","background-media":"","overlay-type":"","overlay-color":"","overlay-opacity":"","overlay-gradient":""},"tablet":{"background-color":"var(--ast-global-color-4)","background-image":"","background-repeat":"repeat","background-position":"center center","background-size":"auto","background-attachment":"scroll","background-type":"","background-media":"","overlay-type":"","overlay-color":"","overlay-opacity":"","overlay-gradient":""},"mobile":{"background-color":"var(--ast-global-color-4)","background-image":"","background-repeat":"repeat","background-position":"center center","background-size":"auto","background-attachment":"scroll","background-type":"","background-media":"","overlay-type":"","overlay-color":"","overlay-opacity":"","overlay-gradient":""}},"footnotes":""},"class_list":["post-53","page","type-page","status-publish","hentry"],"yoast_head":"<!-- This site is optimized with the Yoast SEO plugin v27.4 - https:\/\/yoast.com\/product\/yoast-seo-wordpress\/ -->\n<title>Nosotros - Muchada-L\u00e9clapart<\/title>\n<meta name=\"robots\" content=\"index, follow, max-snippet:-1, max-image-preview:large, max-video-preview:-1\" \/>\n<link rel=\"canonical\" href=\"https:\/\/muchada-leclapart.com\/en\/we\/\" \/>\n<meta property=\"og:locale\" content=\"en_GB\" \/>\n<meta property=\"og:type\" content=\"article\" \/>\n<meta property=\"og:title\" content=\"Nosotros - Muchada-L\u00e9clapart\" \/>\n<meta property=\"og:description\" content=\"Muchada-L\u00e9clapart Los vignerons de Sanl\u00facar de Barrameda El alma de la regi\u00f3n: la uva palomino y las tierras de albariza en estado puro. Muchada-L\u00e9clapart es el proyecto de David L\u00e9clapart y Alejandro Muchada en el Marco de Jerez, regi\u00f3n vitivin\u00edcola hist\u00f3rica, situada en la costa atl\u00e1ntica de Andaluc\u00eda. Como [&hellip;]\" \/>\n<meta property=\"og:url\" content=\"https:\/\/muchada-leclapart.com\/en\/we\/\" \/>\n<meta property=\"og:site_name\" content=\"Muchada-L\u00e9clapart\" \/>\n<meta property=\"article:modified_time\" content=\"2025-12-05T10:35:06+00:00\" \/>\n<meta property=\"og:image\" content=\"https:\/\/muchada-leclapart.com\/wp-content\/uploads\/muchada-leclapart-nosotros.webp\" \/>\n<meta name=\"twitter:card\" content=\"summary_large_image\" \/>\n<meta name=\"twitter:label1\" content=\"Estimated reading time\" \/>\n\t<meta name=\"twitter:data1\" content=\"2 minutes\" \/>\n<script type=\"application\/ld+json\" class=\"yoast-schema-graph\">{\"@context\":\"https:\\\/\\\/schema.org\",\"@graph\":[{\"@type\":\"WebPage\",\"@id\":\"https:\\\/\\\/muchada-leclapart.com\\\/nosotros\\\/\",\"url\":\"https:\\\/\\\/muchada-leclapart.com\\\/nosotros\\\/\",\"name\":\"Nosotros - Muchada-L\u00e9clapart\",\"isPartOf\":{\"@id\":\"https:\\\/\\\/muchada-leclapart.com\\\/#website\"},\"primaryImageOfPage\":{\"@id\":\"https:\\\/\\\/muchada-leclapart.com\\\/nosotros\\\/#primaryimage\"},\"image\":{\"@id\":\"https:\\\/\\\/muchada-leclapart.com\\\/nosotros\\\/#primaryimage\"},\"thumbnailUrl\":\"https:\\\/\\\/muchada-leclapart.com\\\/wp-content\\\/uploads\\\/muchada-leclapart-nosotros.webp\",\"datePublished\":\"2025-11-23T11:43:11+00:00\",\"dateModified\":\"2025-12-05T10:35:06+00:00\",\"breadcrumb\":{\"@id\":\"https:\\\/\\\/muchada-leclapart.com\\\/nosotros\\\/#breadcrumb\"},\"inLanguage\":\"en-GB\",\"potentialAction\":[{\"@type\":\"ReadAction\",\"target\":[\"https:\\\/\\\/muchada-leclapart.com\\\/nosotros\\\/\"]}]},{\"@type\":\"ImageObject\",\"inLanguage\":\"en-GB\",\"@id\":\"https:\\\/\\\/muchada-leclapart.com\\\/nosotros\\\/#primaryimage\",\"url\":\"https:\\\/\\\/muchada-leclapart.com\\\/wp-content\\\/uploads\\\/muchada-leclapart-nosotros.webp\",\"contentUrl\":\"https:\\\/\\\/muchada-leclapart.com\\\/wp-content\\\/uploads\\\/muchada-leclapart-nosotros.webp\"},{\"@type\":\"BreadcrumbList\",\"@id\":\"https:\\\/\\\/muchada-leclapart.com\\\/nosotros\\\/#breadcrumb\",\"itemListElement\":[{\"@type\":\"ListItem\",\"position\":1,\"name\":\"Portada\",\"item\":\"https:\\\/\\\/muchada-leclapart.com\\\/\"},{\"@type\":\"ListItem\",\"position\":2,\"name\":\"Nosotros\"}]},{\"@type\":\"WebSite\",\"@id\":\"https:\\\/\\\/muchada-leclapart.com\\\/#website\",\"url\":\"https:\\\/\\\/muchada-leclapart.com\\\/\",\"name\":\"Muchada-L\u00e9clapart\",\"description\":\"Salud Amigos!\",\"publisher\":{\"@id\":\"https:\\\/\\\/muchada-leclapart.com\\\/#organization\"},\"potentialAction\":[{\"@type\":\"SearchAction\",\"target\":{\"@type\":\"EntryPoint\",\"urlTemplate\":\"https:\\\/\\\/muchada-leclapart.com\\\/?s={search_term_string}\"},\"query-input\":{\"@type\":\"PropertyValueSpecification\",\"valueRequired\":true,\"valueName\":\"search_term_string\"}}],\"inLanguage\":\"en-GB\"},{\"@type\":\"Organization\",\"@id\":\"https:\\\/\\\/muchada-leclapart.com\\\/#organization\",\"name\":\"Muchada-L\u00e9clapart\",\"url\":\"https:\\\/\\\/muchada-leclapart.com\\\/\",\"logo\":{\"@type\":\"ImageObject\",\"inLanguage\":\"en-GB\",\"@id\":\"https:\\\/\\\/muchada-leclapart.com\\\/#\\\/schema\\\/logo\\\/image\\\/\",\"url\":\"https:\\\/\\\/muchada-leclapart.com\\\/wp-content\\\/uploads\\\/muchada-leclapart_logo_menu-blanco.svg\",\"contentUrl\":\"https:\\\/\\\/muchada-leclapart.com\\\/wp-content\\\/uploads\\\/muchada-leclapart_logo_menu-blanco.svg\",\"caption\":\"Muchada-L\u00e9clapart\"},\"image\":{\"@id\":\"https:\\\/\\\/muchada-leclapart.com\\\/#\\\/schema\\\/logo\\\/image\\\/\"}}]}<\/script>\n<!-- \/ Yoast SEO plugin. -->","yoast_head_json":{"title":"About us - Muchada-L\u00e9clapart","robots":{"index":"index","follow":"follow","max-snippet":"max-snippet:-1","max-image-preview":"max-image-preview:large","max-video-preview":"max-video-preview:-1"},"canonical":"https:\/\/muchada-leclapart.com\/en\/we\/","og_locale":"en_GB","og_type":"article","og_title":"Nosotros - Muchada-L\u00e9clapart","og_description":"Muchada-L\u00e9clapart Los vignerons de Sanl\u00facar de Barrameda El alma de la regi\u00f3n: la uva palomino y las tierras de albariza en estado puro. Muchada-L\u00e9clapart es el proyecto de David L\u00e9clapart y Alejandro Muchada en el Marco de Jerez, regi\u00f3n vitivin\u00edcola hist\u00f3rica, situada en la costa atl\u00e1ntica de Andaluc\u00eda. Como [&hellip;]","og_url":"https:\/\/muchada-leclapart.com\/en\/we\/","og_site_name":"Muchada-L\u00e9clapart","article_modified_time":"2025-12-05T10:35:06+00:00","og_image":[{"url":"https:\/\/muchada-leclapart.com\/wp-content\/uploads\/muchada-leclapart-nosotros.webp","type":"","width":"","height":""}],"twitter_card":"summary_large_image","twitter_misc":{"Estimated reading time":"2 minutes"},"schema":{"@context":"https:\/\/schema.org","@graph":[{"@type":"WebPage","@id":"https:\/\/muchada-leclapart.com\/nosotros\/","url":"https:\/\/muchada-leclapart.com\/nosotros\/","name":"About us - Muchada-L\u00e9clapart","isPartOf":{"@id":"https:\/\/muchada-leclapart.com\/#website"},"primaryImageOfPage":{"@id":"https:\/\/muchada-leclapart.com\/nosotros\/#primaryimage"},"image":{"@id":"https:\/\/muchada-leclapart.com\/nosotros\/#primaryimage"},"thumbnailUrl":"https:\/\/muchada-leclapart.com\/wp-content\/uploads\/muchada-leclapart-nosotros.webp","datePublished":"2025-11-23T11:43:11+00:00","dateModified":"2025-12-05T10:35:06+00:00","breadcrumb":{"@id":"https:\/\/muchada-leclapart.com\/nosotros\/#breadcrumb"},"inLanguage":"en-GB","potentialAction":[{"@type":"ReadAction","target":["https:\/\/muchada-leclapart.com\/nosotros\/"]}]},{"@type":"ImageObject","inLanguage":"en-GB","@id":"https:\/\/muchada-leclapart.com\/nosotros\/#primaryimage","url":"https:\/\/muchada-leclapart.com\/wp-content\/uploads\/muchada-leclapart-nosotros.webp","contentUrl":"https:\/\/muchada-leclapart.com\/wp-content\/uploads\/muchada-leclapart-nosotros.webp"},{"@type":"BreadcrumbList","@id":"https:\/\/muchada-leclapart.com\/nosotros\/#breadcrumb","itemListElement":[{"@type":"ListItem","position":1,"name":"Portada","item":"https:\/\/muchada-leclapart.com\/"},{"@type":"ListItem","position":2,"name":"Nosotros"}]},{"@type":"WebSite","@id":"https:\/\/muchada-leclapart.com\/#website","url":"https:\/\/muchada-leclapart.com\/","name":"Muchada-L\u00e9clapart","description":"Cheers Friends!","publisher":{"@id":"https:\/\/muchada-leclapart.com\/#organization"},"potentialAction":[{"@type":"SearchAction","target":{"@type":"EntryPoint","urlTemplate":"https:\/\/muchada-leclapart.com\/?s={search_term_string}"},"query-input":{"@type":"PropertyValueSpecification","valueRequired":true,"valueName":"search_term_string"}}],"inLanguage":"en-GB"},{"@type":"Organization","@id":"https:\/\/muchada-leclapart.com\/#organization","name":"Muchada-L\u00e9clapart","url":"https:\/\/muchada-leclapart.com\/","logo":{"@type":"ImageObject","inLanguage":"en-GB","@id":"https:\/\/muchada-leclapart.com\/#\/schema\/logo\/image\/","url":"https:\/\/muchada-leclapart.com\/wp-content\/uploads\/muchada-leclapart_logo_menu-blanco.svg","contentUrl":"https:\/\/muchada-leclapart.com\/wp-content\/uploads\/muchada-leclapart_logo_menu-blanco.svg","caption":"Muchada-L\u00e9clapart"},"image":{"@id":"https:\/\/muchada-leclapart.com\/#\/schema\/logo\/image\/"}}]}},"_hostinger_reach_plugin_has_subscription_block":false,"_hostinger_reach_plugin_is_elementor":false,"uagb_featured_image_src":{"full":false,"thumbnail":false,"medium":false,"medium_large":false,"large":false,"1536x1536":false,"2048x2048":false,"trp-custom-language-flag":false,"woocommerce_thumbnail":false,"woocommerce_single":false,"woocommerce_gallery_thumbnail":false},"uagb_author_info":{"display_name":"Francisco Jos\u00e9 GONZ\u00c1LEZ PAV\u00d3N","author_link":"https:\/\/muchada-leclapart.com\/en\/author\/kikopavongmail-com\/"},"uagb_comment_info":0,"uagb_excerpt":"Muchada-L\u00e9clapart Los vignerons de Sanl\u00facar de Barrameda El alma de la regi\u00f3n: la uva palomino y las tierras de albariza en estado puro. Muchada-L\u00e9clapart es el proyecto de David L\u00e9clapart y Alejandro Muchada en el Marco de Jerez, regi\u00f3n vitivin\u00edcola hist\u00f3rica, situada en la costa atl\u00e1ntica de Andaluc\u00eda. Como [&hellip;]","_links":{"self":[{"href":"https:\/\/muchada-leclapart.com\/en\/wp-json\/wp\/v2\/pages\/53","targetHints":{"allow":["GET"]}}],"collection":[{"href":"https:\/\/muchada-leclapart.com\/en\/wp-json\/wp\/v2\/pages"}],"about":[{"href":"https:\/\/muchada-leclapart.com\/en\/wp-json\/wp\/v2\/types\/page"}],"author":[{"embeddable":true,"href":"https:\/\/muchada-leclapart.com\/en\/wp-json\/wp\/v2\/users\/1"}],"replies":[{"embeddable":true,"href":"https:\/\/muchada-leclapart.com\/en\/wp-json\/wp\/v2\/comments?post=53"}],"version-history":[{"count":16,"href":"https:\/\/muchada-leclapart.com\/en\/wp-json\/wp\/v2\/pages\/53\/revisions"}],"predecessor-version":[{"id":213372,"href":"https:\/\/muchada-leclapart.com\/en\/wp-json\/wp\/v2\/pages\/53\/revisions\/213372"}],"wp:attachment":[{"href":"https:\/\/muchada-leclapart.com\/en\/wp-json\/wp\/v2\/media?parent=53"}],"curies":[{"name":"wp","href":"https:\/\/api.w.org\/{rel}","templated":true}]}}